{"id":833,"date":"2019-03-03T01:40:12","date_gmt":"2019-03-03T04:40:12","guid":{"rendered":"https:\/\/iscsconcordia-ers.infd.edu.ar\/sitio\/ingesantes\/"},"modified":"2026-03-06T20:47:17","modified_gmt":"2026-03-06T23:47:17","slug":"ingresantes","status":"publish","type":"page","link":"https:\/\/iscsconcordia-ers.infd.edu.ar\/sitio\/ingresantes\/","title":{"rendered":"INSCRIPCIONES CICLO 2026"},"content":{"rendered":"\n<div class=\"wp-block-columns is-layout-flex wp-container-4\">\n<div class=\"wp-block-column is-layout-flow\" style=\"flex-basis:100%\">\n<figure class=\"wp-block-gallery has-nested-images columns-default is-cropped wp-block-gallery-1 is-layout-flex\">\n<figure class=\"wp-block-image size-medium is-style-default\"><img decoding=\"async\" loading=\"lazy\" width=\"1000\" height=\"1000\" src=\"https:\/\/iscsconcordia-ers.infd.edu.ar\/sitio\/wp-content\/uploads\/2026\/03\/unnamed-1-1000x1000.jpg\" alt=\"\" class=\"wp-image-6937\" srcset=\"https:\/\/iscsconcordia-ers.infd.edu.ar\/sitio\/wp-content\/uploads\/2026\/03\/unnamed-1-1000x1000.jpg 1000w, https:\/\/iscsconcordia-ers.infd.edu.ar\/sitio\/wp-content\/uploads\/2026\/03\/unnamed-1-500x500.jpg 500w, https:\/\/iscsconcordia-ers.infd.edu.ar\/sitio\/wp-content\/uploads\/2026\/03\/unnamed-1-768x768.jpg 768w, https:\/\/iscsconcordia-ers.infd.edu.ar\/sitio\/wp-content\/uploads\/2026\/03\/unnamed-1.jpg 1024w\" sizes=\"(max-width: 1000px) 100vw, 1000px\" \/><\/figure>\n<\/figure>\n<\/div>\n<\/div>\n\n\n<p style=\"text-align: center;\">\u00a0<\/p>\n<hr \/>\n<h2 style=\"text-align: center;\"><strong>Requisitos de Inscripci\u00f3n:<\/strong><\/h2>\n<ul>\n<li>2 Foto Carnet 4&#215;4.<\/li>\n<li>Fotocopia DNI ambos lados<\/li>\n<li>Fotocopia del T\u00edtulo de Nivel Medio autenticado o certificado de t\u00edtulo en tramite.<\/li>\n<li>Fotocopia de la Partida de Nacimiento.<\/li>\n<li>Constancia de CUIL (ANSES)<\/li>\n<li>1 Folio.<\/li>\n<li><a href=\"https:\/\/drive.google.com\/file\/d\/1ae3ofDcGWY7c8wyZ3eVX7yV11pMSrsnl\/view?usp=sharing\">Formulario de Inscripci\u00f3n (descargar, imprimir, completar y entregar junto a la documentaci\u00f3n)<\/a><\/li>\n<\/ul>\n<hr \/>\n<ul>\n<li>Para <strong>Reinscripciones<\/strong> de 2do a 4to completar el siguiente <a href=\"https:\/\/drive.google.com\/file\/d\/161paJT--9oLyevuiJuSd_t27AEX_Hh4J\/view?usp=sharing\">formulario<\/a><\/li>\n<li>Para <strong>Recursantes\/Reingresantes<\/strong> completar el siguiente <a href=\"https:\/\/drive.google.com\/file\/d\/10tcjJefI8oZDcMzhu3hinZShZwXhKQug\/view?usp=sharing\">formulario<\/a><\/li>\n<li>Para\u00a0<strong>Solicitar Equivalencia<\/strong> completar el siguiente <a href=\"https:\/\/drive.google.com\/file\/d\/1_uyheGmWHsl_iZ6PwLumPe50k_LKlRoZ\/view?usp=sharing\">formulario<\/a><\/li>\n<\/ul>\n<hr \/>\n<p><a href=\"https:\/\/docs.google.com\/forms\/d\/e\/1FAIpQLScAxJpeUOQ3TuCJogFRChzGbrDeHSvfisiRSTnf5mKtVO9CPw\/viewform?usp=sf_link\"><img decoding=\"async\" loading=\"lazy\" class=\"wp-image-1408 aligncenter\" src=\"https:\/\/iscsconcordia-ers.infd.edu.ar\/sitio\/wp-content\/uploads\/2020\/08\/Historia.png\" alt=\"\" width=\"828\" height=\"315\" srcset=\"https:\/\/iscsconcordia-ers.infd.edu.ar\/sitio\/wp-content\/uploads\/2020\/08\/Historia.png 2050w, https:\/\/iscsconcordia-ers.infd.edu.ar\/sitio\/wp-content\/uploads\/2020\/08\/Historia-1000x380.png 1000w, https:\/\/iscsconcordia-ers.infd.edu.ar\/sitio\/wp-content\/uploads\/2020\/08\/Historia-768x292.png 768w, https:\/\/iscsconcordia-ers.infd.edu.ar\/sitio\/wp-content\/uploads\/2020\/08\/Historia-1900x723.png 1900w\" sizes=\"(max-width: 828px) 100vw, 828px\" \/><\/a><\/p>\n<p style=\"text-align: center;\"><a href=\"https:\/\/iscsconcordia-ers.infd.edu.ar\/sitio\/profesorado-de-historia\/\" target=\"_blank\" rel=\"noopener\">PLAN DE ESTUDIOS DEL PROFESORADO DE EDUCACI\u00d3N SECUNDARIA EN HISTORIA<\/a><\/p>\n<p><img decoding=\"async\" loading=\"lazy\" class=\"wp-image-1410 aligncenter\" src=\"https:\/\/iscsconcordia-ers.infd.edu.ar\/sitio\/wp-content\/uploads\/2020\/08\/Ciencia-Pol.png\" alt=\"\" width=\"837\" height=\"318\" srcset=\"https:\/\/iscsconcordia-ers.infd.edu.ar\/sitio\/wp-content\/uploads\/2020\/08\/Ciencia-Pol.png 2050w, https:\/\/iscsconcordia-ers.infd.edu.ar\/sitio\/wp-content\/uploads\/2020\/08\/Ciencia-Pol-1000x380.png 1000w, https:\/\/iscsconcordia-ers.infd.edu.ar\/sitio\/wp-content\/uploads\/2020\/08\/Ciencia-Pol-768x292.png 768w, https:\/\/iscsconcordia-ers.infd.edu.ar\/sitio\/wp-content\/uploads\/2020\/08\/Ciencia-Pol-1900x723.png 1900w\" sizes=\"(max-width: 837px) 100vw, 837px\" \/><\/p>\n<p style=\"text-align: center;\"><a href=\"https:\/\/iscsconcordia-ers.infd.edu.ar\/sitio\/plan-de-estudios-ciencias-politicas\/\" target=\"_blank\" rel=\"noopener\">PLAN DE ESTUDIOS DEL PROFESORADO DE EDUCACI\u00d3N SECUNDARIA EN CIENCIA POL\u00cdTICA<\/a><\/p>\n<p><a href=\"https:\/\/docs.google.com\/forms\/d\/e\/1FAIpQLSf8AyJ4eWa-g1xUzNn_fjU55KiRQWEr0IGvXQhE9SPMBcXzgg\/viewform?usp=sf_link\"><img decoding=\"async\" loading=\"lazy\" class=\"wp-image-1409 aligncenter\" src=\"https:\/\/iscsconcordia-ers.infd.edu.ar\/sitio\/wp-content\/uploads\/2020\/08\/Geograf\u00eda.png\" alt=\"\" width=\"834\" height=\"316\" srcset=\"https:\/\/iscsconcordia-ers.infd.edu.ar\/sitio\/wp-content\/uploads\/2020\/08\/Geograf\u00eda.png 2050w, https:\/\/iscsconcordia-ers.infd.edu.ar\/sitio\/wp-content\/uploads\/2020\/08\/Geograf\u00eda-1000x380.png 1000w, https:\/\/iscsconcordia-ers.infd.edu.ar\/sitio\/wp-content\/uploads\/2020\/08\/Geograf\u00eda-768x292.png 768w, https:\/\/iscsconcordia-ers.infd.edu.ar\/sitio\/wp-content\/uploads\/2020\/08\/Geograf\u00eda-1900x723.png 1900w\" sizes=\"(max-width: 834px) 100vw, 834px\" \/><\/a><\/p>\n<p style=\"text-align: center;\"><a href=\"https:\/\/iscsconcordia-ers.infd.edu.ar\/sitio\/plan-de-estudios-geografia\/\" target=\"_blank\" rel=\"noopener\">PLAN DE ESTUDIOS DEL PROFESORADO DE EDUCACI\u00d3N SECUNDARIA EN GEOGRAF\u00cdA<\/a><\/p>\n<p style=\"text-align: center;\">\u00a0<\/p>","protected":false},"excerpt":{"rendered":"<p>\u00a0 Requisitos de Inscripci\u00f3n: 2 Foto Carnet 4&#215;4. Fotocopia DNI ambos lados Fotocopia del T\u00edtulo de Nivel Medio autenticado o certificado de t\u00edtulo en tramite. Fotocopia de la Partida de Nacimiento. Constancia de CUIL (ANSES) 1 Folio. Formulario de Inscripci\u00f3n (descargar, imprimir, completar y entregar junto a la documentaci\u00f3n) Para Reinscripciones de 2do a 4to &#8230; <a title=\"INSCRIPCIONES CICLO 2026\" class=\"read-more\" href=\"https:\/\/iscsconcordia-ers.infd.edu.ar\/sitio\/ingresantes\/\" aria-label=\"More on INSCRIPCIONES CICLO 2026\">[+]<\/a><\/p>\n","protected":false},"author":51,"featured_media":0,"parent":0,"menu_order":0,"comment_status":"closed","ping_status":"closed","template":"","meta":[],"acf":[],"_links":{"self":[{"href":"https:\/\/iscsconcordia-ers.infd.edu.ar\/sitio\/wp-json\/wp\/v2\/pages\/833"}],"collection":[{"href":"https:\/\/iscsconcordia-ers.infd.edu.ar\/sitio\/wp-json\/wp\/v2\/pages"}],"about":[{"href":"https:\/\/iscsconcordia-ers.infd.edu.ar\/sitio\/wp-json\/wp\/v2\/types\/page"}],"author":[{"embeddable":true,"href":"https:\/\/iscsconcordia-ers.infd.edu.ar\/sitio\/wp-json\/wp\/v2\/users\/51"}],"replies":[{"embeddable":true,"href":"https:\/\/iscsconcordia-ers.infd.edu.ar\/sitio\/wp-json\/wp\/v2\/comments?post=833"}],"version-history":[{"count":43,"href":"https:\/\/iscsconcordia-ers.infd.edu.ar\/sitio\/wp-json\/wp\/v2\/pages\/833\/revisions"}],"predecessor-version":[{"id":6951,"href":"https:\/\/iscsconcordia-ers.infd.edu.ar\/sitio\/wp-json\/wp\/v2\/pages\/833\/revisions\/6951"}],"wp:attachment":[{"href":"https:\/\/iscsconcordia-ers.infd.edu.ar\/sitio\/wp-json\/wp\/v2\/media?parent=833"}],"curies":[{"name":"wp","href":"https:\/\/api.w.org\/{rel}","templated":true}]}}