{"id":827,"date":"2018-06-28T01:40:09","date_gmt":"2018-06-28T04:40:09","guid":{"rendered":"https:\/\/iscsconcordia-ers.infd.edu.ar\/sitio\/resoluciones-normativas-y-documentacion\/"},"modified":"2025-09-17T20:41:29","modified_gmt":"2025-09-17T23:41:29","slug":"resoluciones-normativas-y-documentacion","status":"publish","type":"page","link":"https:\/\/iscsconcordia-ers.infd.edu.ar\/sitio\/resoluciones-normativas-y-documentacion\/","title":{"rendered":"Resoluciones- Normativas y Documentaci\u00f3n"},"content":{"rendered":"<table style=\"width: 100%;\" border=\"0\">\n<tbody>\n<tr>\n<td colspan=\"5\" width=\"100%\">\n<h2>Normativas Generales que rigen la Vida Acad\u00e9mica e Institucional del PSCS<\/h2>\n<\/td>\n<\/tr>\n<tr>\n<td colspan=\"5\"><\/td>\n<\/tr>\n<tr>\n<td style=\"text-align: center;\" colspan=\"5\"><span style=\"font-size: 10pt;\"><strong>\u00a0Haciendo Clik en la imagen se descarga el documento<\/strong><\/span><\/td>\n<\/tr>\n<tr>\n<td width=\"20%\">\n<div style=\"text-align: center;\"><a href=\"https:\/\/drive.google.com\/file\/d\/1WTUGlgcyn5DiLoGAgRg3miYZYpwEm8W5\/view?usp=sharing\"><img decoding=\"async\" loading=\"lazy\" style=\"vertical-align: middle;\" src=\"https:\/\/iscsconcordia-ers.infd.edu.ar\/aula\/archivos\/repositorio\/500\/691\/folder_down.png\" alt=\"\" width=\"99\" height=\"96\" border=\"0\" \/><\/a><\/div>\n<\/td>\n<td width=\"20%\"><\/td>\n<td width=\"20%\">\n<div style=\"text-align: center;\"><a href=\"https:\/\/docs.google.com\/document\/d\/1f_jNcomJs4dqZ4-b5KVNXTdjzg0irwmfOCNWAYvZAPQ\/edit?usp=sharing\"><img decoding=\"async\" loading=\"lazy\" src=\"https:\/\/iscsconcordia-ers.infd.edu.ar\/aula\/archivos\/repositorio\/500\/691\/folder_down.png\" alt=\"\" width=\"99\" height=\"96\" border=\"0\" \/><\/a><\/div>\n<\/td>\n<td width=\"20%\"><\/td>\n<td width=\"20%\">\n<div style=\"text-align: center;\"><img decoding=\"async\" loading=\"lazy\" src=\"https:\/\/iscsconcordia-ers.infd.edu.ar\/aula\/archivos\/repositorio\/500\/691\/folder_down.png\" alt=\"\" width=\"99\" height=\"96\" border=\"0\" \/><\/div>\n<\/td>\n<\/tr>\n<tr>\n<td>\n<div style=\"text-align: center;\"><strong><span style=\"font-size: 12pt;\">R\u00e9gimen Acad\u00e9mico Marco<\/span><\/strong><\/div>\n<\/td>\n<td><\/td>\n<td style=\"text-align: center;\"><a href=\"https:\/\/docs.google.com\/document\/d\/1f_jNcomJs4dqZ4-b5KVNXTdjzg0irwmfOCNWAYvZAPQ\/edit?usp=sharing\"><strong>PFI<\/strong><\/a><\/td>\n<td style=\"text-align: center;\"><\/td>\n<td>\n<div style=\"text-align: center;\"><\/div>\n<\/td>\n<\/tr>\n<\/tbody>\n<\/table>\n<table border=\"0\">\n<tbody>\n<tr>\n<td colspan=\"5\" width=\"100%\">\n<h2>Formularios varios<\/h2>\n<\/td>\n<\/tr>\n<tr>\n<td colspan=\"5\">\n<p style=\"text-align: center;\"><span style=\"font-size: 12pt;\">FU- Planilla de Incompatibilidad- Formulario de Inscripci\u00f3n a concursos (RES 2300)<\/span><\/p>\n<\/td>\n<\/tr>\n<tr>\n<td style=\"text-align: center;\" colspan=\"5\"><span style=\"font-size: 10pt;\"><strong>\u00a0Haciendo Clik en la imagen se descarga el documento<\/strong><\/span><\/td>\n<\/tr>\n<tr>\n<td style=\"text-align: center;\" colspan=\"5\"><\/td>\n<\/tr>\n<tr>\n<td width=\"20%\">\n<div style=\"text-align: center;\"><a title=\"https:\/\/iscsconcordia-ers.infd.edu.ar\/aula\/archivos\/repositorio\/\/500\/738\/FU_Sociales.docx\" href=\"https:\/\/iscsconcordia-ers.infd.edu.ar\/aula\/archivos\/repositorio\/\/500\/738\/FU_Sociales.docx\" target=\"_NEW\" rel=\"noopener\"><img decoding=\"async\" loading=\"lazy\" style=\"vertical-align: middle;\" src=\"https:\/\/iscsconcordia-ers.infd.edu.ar\/aula\/archivos\/repositorio\/500\/694\/page_down.png\" alt=\"\" width=\"128\" height=\"128\" border=\"0\" \/><\/a><\/div>\n<\/td>\n<td width=\"20%\"><\/td>\n<td width=\"20%\"><a title=\"https:\/\/iscsconcordia-ers.infd.edu.ar\/aula\/archivos\/repositorio\/\/500\/695\/planilla_incompatibilidad__Autoguardado.xls\" href=\"https:\/\/iscsconcordia-ers.infd.edu.ar\/aula\/archivos\/repositorio\/\/500\/695\/planilla_incompatibilidad__Autoguardado.xls\" target=\"_NEW\" rel=\"noopener\"><img decoding=\"async\" loading=\"lazy\" style=\"vertical-align: middle;\" src=\"https:\/\/iscsconcordia-ers.infd.edu.ar\/aula\/archivos\/repositorio\/500\/694\/page_down.png\" alt=\"\" width=\"128\" height=\"128\" border=\"0\" \/><\/a><\/td>\n<td width=\"20%\"><\/td>\n<td width=\"20%\"><a title=\"https:\/\/iscsconcordia-ers.infd.edu.ar\/aula\/archivos\/repositorio\/\/500\/696\/Inscripcion_2300.docx\" href=\"https:\/\/iscsconcordia-ers.infd.edu.ar\/aula\/archivos\/repositorio\/\/500\/696\/Inscripcion_2300.docx\" target=\"_NEW\" rel=\"noopener\"><img decoding=\"async\" loading=\"lazy\" style=\"vertical-align: middle;\" src=\"https:\/\/iscsconcordia-ers.infd.edu.ar\/aula\/archivos\/repositorio\/500\/694\/page_down.png\" alt=\"\" width=\"128\" height=\"128\" border=\"0\" \/><\/a><\/td>\n<\/tr>\n<tr>\n<td>\n<div style=\"text-align: center;\"><span style=\"font-size: 10pt;\"><strong>FU en word para completar desde word<\/strong><\/span><\/div>\n<\/td>\n<td><\/td>\n<td style=\"text-align: center;\"><span style=\"font-size: 10pt;\"><strong>Planilla de Incompatibilidad en excel<\/strong><\/span><\/td>\n<td><\/td>\n<td style=\"text-align: center;\"><span style=\"font-size: 10pt;\"><strong>Formulario de Inscripci\u00f3n a Concurso<\/strong><\/span><\/td>\n<\/tr>\n<\/tbody>\n<\/table>\n<table border=\"0\">\n<tbody>\n<tr>\n<td colspan=\"5\" width=\"100%\">\n<h2>Normativas concursales<\/h2>\n<\/td>\n<\/tr>\n<tr>\n<td colspan=\"5\"><span style=\"font-size: 12pt;\">Res 2300- Disposici\u00f3n DES sobre carpetas de antecdentes-Disposici\u00f3n DES sobre Desde y hasta<\/span><\/td>\n<\/tr>\n<tr>\n<td style=\"text-align: center;\" colspan=\"5\"><strong>\u00a0<span style=\"font-size: 10pt;\">Haciendo Clik en la imagen se descarga el documento<\/span><\/strong><\/td>\n<\/tr>\n<tr>\n<td colspan=\"5\"><\/td>\n<\/tr>\n<tr>\n<td width=\"20%\"><a title=\"https:\/\/iscsconcordia-ers.infd.edu.ar\/aula\/archivos\/repositorio\/\/500\/686\/Resolucion-2300-Reglamento-Concursal-Nivel-Superior.pdf\" href=\"https:\/\/iscsconcordia-ers.infd.edu.ar\/aula\/archivos\/repositorio\/\/500\/686\/Resolucion-2300-Reglamento-Concursal-Nivel-Superior.pdf\" target=\"_NEW\" rel=\"noopener\"><img decoding=\"async\" loading=\"lazy\" style=\"vertical-align: middle;\" src=\"https:\/\/iscsconcordia-ers.infd.edu.ar\/aula\/archivos\/repositorio\/500\/704\/download.png\" alt=\"\" width=\"128\" height=\"128\" border=\"0\" \/><\/a><\/td>\n<td width=\"20%\"><\/td>\n<td width=\"20%\"><a title=\"https:\/\/iscsconcordia-ers.infd.edu.ar\/aula\/archivos\/repositorio\/\/500\/702\/autenticaion_de_antecedentes.jpg\" href=\"https:\/\/iscsconcordia-ers.infd.edu.ar\/aula\/archivos\/repositorio\/\/500\/702\/autenticaion_de_antecedentes.jpg\" target=\"_NEW\" rel=\"noopener\"><img decoding=\"async\" loading=\"lazy\" src=\"https:\/\/iscsconcordia-ers.infd.edu.ar\/aula\/archivos\/repositorio\/500\/704\/download.png\" alt=\"\" width=\"128\" height=\"128\" border=\"0\" \/><\/a><\/td>\n<td width=\"20%\"><\/td>\n<td width=\"20%\"><a title=\"https:\/\/iscsconcordia-ers.infd.edu.ar\/aula\/archivos\/repositorio\/\/500\/701\/presentacion_de_desde_y_hasta_para_concursos.jpg\" href=\"https:\/\/iscsconcordia-ers.infd.edu.ar\/aula\/archivos\/repositorio\/\/500\/701\/presentacion_de_desde_y_hasta_para_concursos.jpg\" target=\"_NEW\" rel=\"noopener\"><img decoding=\"async\" loading=\"lazy\" src=\"https:\/\/iscsconcordia-ers.infd.edu.ar\/aula\/archivos\/repositorio\/500\/704\/download.png\" alt=\"\" width=\"128\" height=\"128\" border=\"0\" \/><\/a><\/td>\n<\/tr>\n<tr>\n<td><span style=\"font-size: 10pt;\"><strong>RES 2300<\/strong><\/span><\/td>\n<td><\/td>\n<td><span style=\"font-size: 10pt;\"><strong>Disposici\u00f3n DES sobre carpetas de antecedentes<\/strong><\/span><\/td>\n<td><\/td>\n<td><span style=\"font-size: 10pt;\"><strong>Disposici\u00f3n DES sobre desde y hasta<\/strong><\/span><\/td>\n<\/tr>\n<\/tbody>\n<\/table>\n<table border=\"0\">\n<tbody>\n<tr>\n<td colspan=\"5\" width=\"100%\">\n<h2>Resoluciones y documentos varios<\/h2>\n<\/td>\n<\/tr>\n<tr>\n<td colspan=\"5\"><span style=\"font-size: 12pt;\">Res de ayudant\u00eda de c\u00e1tedra &#8211; Recomendaciones m\u00ednimas para planificaciones<\/span><\/td>\n<\/tr>\n<tr>\n<td style=\"text-align: center;\" colspan=\"5\"><span style=\"font-size: 10pt;\"><strong>\u00a0Haciendo Clik en la imagen se descarga el documento<\/strong><\/span><\/td>\n<\/tr>\n<tr>\n<td style=\"text-align: center;\" width=\"20%\"><a title=\"https:\/\/iscsconcordia-ers.infd.edu.ar\/aula\/archivos\/repositorio\/\/500\/687\/resolucion_1888-07.pdf\" href=\"https:\/\/iscsconcordia-ers.infd.edu.ar\/aula\/archivos\/repositorio\/\/500\/687\/resolucion_1888-07.pdf\" target=\"_NEW\" rel=\"noopener\"><img decoding=\"async\" loading=\"lazy\" style=\"vertical-align: middle;\" src=\"https:\/\/iscsconcordia-ers.infd.edu.ar\/aula\/archivos\/repositorio\/500\/703\/book_download.png\" alt=\"\" width=\"128\" height=\"128\" border=\"0\" \/><\/a><\/td>\n<td width=\"20%\">\u00a0 \u00a0 \u00a0 \u00a0 \u00a0 \u00a0 \u00a0 \u00a0 \u00a0 \u00a0 \u00a0 <a href=\"https:\/\/drive.google.com\/file\/d\/1U6olqP3Uk15M13NFLzgNhvhh9-OeUW0K\/view?usp=share_link\"><img decoding=\"async\" loading=\"lazy\" style=\"vertical-align: middle;\" src=\"https:\/\/iscsconcordia-ers.infd.edu.ar\/aula\/archivos\/repositorio\/500\/703\/book_download.png\" alt=\"\" width=\"128\" height=\"128\" border=\"0\" \/><\/a><\/td>\n<td width=\"20%\"><\/td>\n<td width=\"20%\"><\/td>\n<td width=\"20%\"><a title=\"https:\/\/iscsconcordia-ers.infd.edu.ar\/aula\/archivos\/repositorio\/\/500\/705\/Modelito-con-cuestiones-minimas.docx\" href=\"https:\/\/iscsconcordia-ers.infd.edu.ar\/aula\/archivos\/repositorio\/\/500\/705\/Modelito-con-cuestiones-minimas.docx\" target=\"_NEW\" rel=\"noopener\"><img decoding=\"async\" loading=\"lazy\" src=\"https:\/\/iscsconcordia-ers.infd.edu.ar\/aula\/archivos\/repositorio\/500\/703\/book_download.png\" alt=\"\" width=\"128\" height=\"128\" border=\"0\" \/><\/a><\/td>\n<\/tr>\n<tr>\n<td>\n<div><span style=\"font-size: 10pt;\"><strong>Res de ayudant\u00eda de\u00a0<\/strong><\/span><span style=\"font-size: 13.3333px;\"><b>c\u00e1tedra<\/b><\/span><\/div>\n<\/td>\n<td><span style=\"font-size: 13.3333px;\"><b>Res. 4967. Solicitud de Equivalencia<\/b><\/span><\/td>\n<td><\/td>\n<td><\/td>\n<td>\n<div><span style=\"font-size: 10pt;\"><b style=\"font-size: 10pt;\">Recomendaciones m\u00ednimas para <\/b><span style=\"font-size: 13.3333px;\"><b>planificaciones<\/b><\/span><b style=\"font-size: 10pt;\"> de c\u00e1tedra<\/b><\/span><\/div>\n<\/td>\n<\/tr>\n<\/tbody>\n<\/table>\n","protected":false},"excerpt":{"rendered":"<p>Normativas Generales que rigen la Vida Acad\u00e9mica e Institucional del PSCS \u00a0Haciendo Clik en la imagen se descarga el documento R\u00e9gimen Acad\u00e9mico Marco PFI Formularios varios FU- Planilla de Incompatibilidad- Formulario de Inscripci\u00f3n a concursos (RES 2300) \u00a0Haciendo Clik en la imagen se descarga el documento FU en word para completar desde word Planilla de &#8230; <a title=\"Resoluciones- Normativas y Documentaci\u00f3n\" class=\"read-more\" href=\"https:\/\/iscsconcordia-ers.infd.edu.ar\/sitio\/resoluciones-normativas-y-documentacion\/\" aria-label=\"More on Resoluciones- Normativas y Documentaci\u00f3n\">[+]<\/a><\/p>\n","protected":false},"author":51,"featured_media":0,"parent":0,"menu_order":0,"comment_status":"closed","ping_status":"closed","template":"","meta":[],"acf":[],"_links":{"self":[{"href":"https:\/\/iscsconcordia-ers.infd.edu.ar\/sitio\/wp-json\/wp\/v2\/pages\/827"}],"collection":[{"href":"https:\/\/iscsconcordia-ers.infd.edu.ar\/sitio\/wp-json\/wp\/v2\/pages"}],"about":[{"href":"https:\/\/iscsconcordia-ers.infd.edu.ar\/sitio\/wp-json\/wp\/v2\/types\/page"}],"author":[{"embeddable":true,"href":"https:\/\/iscsconcordia-ers.infd.edu.ar\/sitio\/wp-json\/wp\/v2\/users\/51"}],"replies":[{"embeddable":true,"href":"https:\/\/iscsconcordia-ers.infd.edu.ar\/sitio\/wp-json\/wp\/v2\/comments?post=827"}],"version-history":[{"count":6,"href":"https:\/\/iscsconcordia-ers.infd.edu.ar\/sitio\/wp-json\/wp\/v2\/pages\/827\/revisions"}],"predecessor-version":[{"id":4259,"href":"https:\/\/iscsconcordia-ers.infd.edu.ar\/sitio\/wp-json\/wp\/v2\/pages\/827\/revisions\/4259"}],"wp:attachment":[{"href":"https:\/\/iscsconcordia-ers.infd.edu.ar\/sitio\/wp-json\/wp\/v2\/media?parent=827"}],"curies":[{"name":"wp","href":"https:\/\/api.w.org\/{rel}","templated":true}]}}