{"id":812,"date":"2018-06-28T01:40:01","date_gmt":"2018-06-28T04:40:01","guid":{"rendered":"https:\/\/iscsconcordia-ers.infd.edu.ar\/sitio\/jornadas-anteriores-de-ciencias-sociales\/"},"modified":"2025-10-28T20:13:09","modified_gmt":"2025-10-28T23:13:09","slug":"jornadas-anteriores-de-ciencias-sociales","status":"publish","type":"page","link":"https:\/\/iscsconcordia-ers.infd.edu.ar\/sitio\/jornadas-anteriores-de-ciencias-sociales\/","title":{"rendered":"20 A\u00f1os de Jornadas de C\u00e1tedras Abiertas de Ciencias Sociales"},"content":{"rendered":"\n<p class=\"has-text-align-center has-white-color has-vivid-red-background-color has-text-color has-background has-medium-font-size\"><strong>PRIMERAS JORNADAS DE C\u00c1TEDRAS ABIERTAS DE CIENCIAS SOCIALES<\/strong><\/p>\n\n\n\n<figure class=\"wp-block-embed is-type-video is-provider-youtube wp-block-embed-youtube wp-embed-aspect-16-9 wp-has-aspect-ratio\"><div class=\"wp-block-embed__wrapper\">\n<iframe loading=\"lazy\" title=\"Primeras Jornadas de C\u00e1tedras Abiertas de Ciencias Sociales - A\u00f1o 2000\" width=\"1200\" height=\"675\" src=\"https:\/\/www.youtube.com\/embed\/9AXXkcPGAZo?feature=oembed\" frameborder=\"0\" allow=\"accelerometer; autoplay; clipboard-write; encrypted-media; gyroscope; picture-in-picture; web-share\" referrerpolicy=\"strict-origin-when-cross-origin\" allowfullscreen><\/iframe>\n<\/div><\/figure>\n\n\n\n<figure class=\"wp-block-table\"><table><tbody><tr><td> <p>Desde su creaci\u00f3n, en el a\u00f1o 1991, el Profesorado Superior de Ciencias Sociales de Concordia, ha intentado constituirse en un espacio de reflexi\u00f3n cr\u00edtica sobre la historia, la realidad presente y el futuro. Un lugar en el cual, a partir de las herramientas te\u00f3ricas que nos aportan las Ciencias Sociales, podamos contribuir a la construcci\u00f3n de una sociedad m\u00e1s justa.<br>En funci\u00f3n de ese objetivo, m\u00e1s all\u00e1 de las pr\u00e1cticas \u00e1ulicas, se fueron creando espacios de debate e intercambio abiertos a la comunidad, los que a partir del a\u00f1o 2000 se sistematizaron en lo que dimos en llamar, Jornadas de C\u00e1tedras Abiertas de Ciencias Sociales.<\/p><p>Las modalidades de trabajo e intercambio, van desde las charlas-debate hasta los talleres, pasando por el cine debate, las actividades simult\u00e1neas, producciones art\u00edsticas en vivo, instalaciones de arte, etc.<br>El aporte acad\u00e9mico de escritores, investigadores, ge\u00f3grafos, historiadores, cientistas, pol\u00edticos, entre otros, se entremezcla con la experiencia de militantes y organizaciones sociales, ambientales, de g\u00e9nero, indigenistas y expresiones art\u00edsticas como el canto popular, la danza, el teatro, la pintura, la fotograf\u00eda, etc.<\/p>En definitiva, podr\u00eda decirse que toda expresi\u00f3n o experiencia social cr\u00edtica, alternativa, comprometida y transformadora cabe en las Jornadas de C\u00e1tedras Abiertas de Ciencias Sociales<br><br>Finalmente, y por tratarse de una actividad organizada y autogestionada por la propia comunidad, a trav\u00e9s de una comisi\u00f3n que se renueva a\u00f1o a a\u00f1o, y que funciona con modalidad de asamblea, la propia organizaci\u00f3n de las jornadas se constituye, en s\u00ed misma, en una experiencia de aprendizaje para todos los participantes. <\/td><\/tr><\/tbody><\/table><\/figure>\n\n\n\n<p class=\"has-text-align-center has-white-color has-vivid-red-background-color has-text-color has-background has-medium-font-size\"><strong>HACER CLIC SOBRE LA IMAGEN PARA DESCARGAR EL RESUMEN DE LAS JORNADAS<\/strong><\/p>\n\n\n\n<figure class=\"wp-block-image size-large\"><a href=\"https:\/\/drive.google.com\/file\/d\/1HfQ3JjQ1xbMiODyPrle9BV7tYE7dFpT-\/view\" target=\"_blank\" rel=\"noreferrer noopener\"><img decoding=\"async\" loading=\"lazy\" width=\"1900\" height=\"723\" src=\"https:\/\/iscsconcordia-ers.infd.edu.ar\/sitio\/wp-content\/uploads\/2021\/09\/RESUMEN-1900x723.png\" alt=\"\" class=\"wp-image-1774\" srcset=\"https:\/\/iscsconcordia-ers.infd.edu.ar\/sitio\/wp-content\/uploads\/2021\/09\/RESUMEN-1900x723.png 1900w, https:\/\/iscsconcordia-ers.infd.edu.ar\/sitio\/wp-content\/uploads\/2021\/09\/RESUMEN-1000x380.png 1000w, https:\/\/iscsconcordia-ers.infd.edu.ar\/sitio\/wp-content\/uploads\/2021\/09\/RESUMEN-768x292.png 768w, https:\/\/iscsconcordia-ers.infd.edu.ar\/sitio\/wp-content\/uploads\/2021\/09\/RESUMEN-1536x584.png 1536w, https:\/\/iscsconcordia-ers.infd.edu.ar\/sitio\/wp-content\/uploads\/2021\/09\/RESUMEN-2048x779.png 2048w\" sizes=\"(max-width: 1900px) 100vw, 1900px\" \/><\/a><\/figure>\n\n\n\n<p class=\"has-text-align-center has-white-color has-vivid-red-background-color has-text-color has-background has-medium-font-size\"><strong>HACER CLIC SOBRE EL FLYER PARA CONOCER M\u00c1S SOBRE DICHA JORNADA<\/strong><\/p>\n\n\n\n<figure class=\"wp-block-gallery has-nested-images columns-2 wp-block-gallery-1 is-layout-flex\">\n<figure class=\"wp-block-image size-large\"><a href=\"https:\/\/iscsconcordia-ers.infd.edu.ar\/sitio\/xxi-jornadas-de-catedras-abiertas-de-ciencias-sociales-2\/\" target=\"_blank\" rel=\"noreferrer noopener\"><img decoding=\"async\" loading=\"lazy\" width=\"1900\" height=\"1069\" data-id=\"1785\"  src=\"https:\/\/iscsconcordia-ers.infd.edu.ar\/sitio\/wp-content\/uploads\/2021\/09\/XXI-1900x1069.png\" alt=\"\" class=\"wp-image-1785\" srcset=\"https:\/\/iscsconcordia-ers.infd.edu.ar\/sitio\/wp-content\/uploads\/2021\/09\/XXI-1900x1069.png 1900w, https:\/\/iscsconcordia-ers.infd.edu.ar\/sitio\/wp-content\/uploads\/2021\/09\/XXI-1000x563.png 1000w, https:\/\/iscsconcordia-ers.infd.edu.ar\/sitio\/wp-content\/uploads\/2021\/09\/XXI-768x432.png 768w, https:\/\/iscsconcordia-ers.infd.edu.ar\/sitio\/wp-content\/uploads\/2021\/09\/XXI-1536x864.png 1536w, https:\/\/iscsconcordia-ers.infd.edu.ar\/sitio\/wp-content\/uploads\/2021\/09\/XXI.png 1920w\" sizes=\"(max-width: 1900px) 100vw, 1900px\" \/><\/a><\/figure>\n\n\n\n<figure class=\"wp-block-image size-large\"><a href=\"https:\/\/iscsconcordia-ers.infd.edu.ar\/sitio\/xx-jornadas-de-catedras-abiertas-de-ciencias-sociales-2019\/\" target=\"_blank\" rel=\"noreferrer noopener\"><img decoding=\"async\" loading=\"lazy\" width=\"785\" height=\"960\" data-id=\"1777\"  src=\"https:\/\/iscsconcordia-ers.infd.edu.ar\/sitio\/wp-content\/uploads\/2021\/09\/20.jpeg\" alt=\"\" class=\"wp-image-1777\" srcset=\"https:\/\/iscsconcordia-ers.infd.edu.ar\/sitio\/wp-content\/uploads\/2021\/09\/20.jpeg 785w, https:\/\/iscsconcordia-ers.infd.edu.ar\/sitio\/wp-content\/uploads\/2021\/09\/20-768x939.jpeg 768w\" sizes=\"(max-width: 785px) 100vw, 785px\" \/><\/a><\/figure>\n\n\n\n<figure class=\"wp-block-image size-large\"><a href=\"https:\/\/iscsconcordia-ers.infd.edu.ar\/sitio\/postales-de-las-xix-jornadas-de-catedras-abiertas-de-ciencias-sociales\/\" target=\"_blank\" rel=\"noreferrer noopener\"><img decoding=\"async\" loading=\"lazy\" width=\"940\" height=\"442\" data-id=\"5163\"  src=\"https:\/\/iscsconcordia-ers.infd.edu.ar\/sitio\/wp-content\/uploads\/2025\/10\/XIX-J-2.jpg\" alt=\"\" class=\"wp-image-5163\" srcset=\"https:\/\/iscsconcordia-ers.infd.edu.ar\/sitio\/wp-content\/uploads\/2025\/10\/XIX-J-2.jpg 940w, https:\/\/iscsconcordia-ers.infd.edu.ar\/sitio\/wp-content\/uploads\/2025\/10\/XIX-J-2-768x361.jpg 768w\" sizes=\"(max-width: 940px) 100vw, 940px\" \/><\/a><\/figure>\n\n\n\n<figure class=\"wp-block-image size-large\"><a href=\"https:\/\/iscsconcordia-ers.infd.edu.ar\/sitio\/postales-de-las-xviii-jornadas-de-catedras-abiertas-de-ciencias-sociales\/\" target=\"_blank\" rel=\"noreferrer noopener\"><img decoding=\"async\" loading=\"lazy\" width=\"1131\" height=\"1600\" data-id=\"1811\"  src=\"https:\/\/iscsconcordia-ers.infd.edu.ar\/sitio\/wp-content\/uploads\/2021\/09\/1.jpg\" alt=\"\" class=\"wp-image-1811\" srcset=\"https:\/\/iscsconcordia-ers.infd.edu.ar\/sitio\/wp-content\/uploads\/2021\/09\/1.jpg 1131w, https:\/\/iscsconcordia-ers.infd.edu.ar\/sitio\/wp-content\/uploads\/2021\/09\/1-707x1000.jpg 707w, https:\/\/iscsconcordia-ers.infd.edu.ar\/sitio\/wp-content\/uploads\/2021\/09\/1-768x1086.jpg 768w, https:\/\/iscsconcordia-ers.infd.edu.ar\/sitio\/wp-content\/uploads\/2021\/09\/1-1086x1536.jpg 1086w\" sizes=\"(max-width: 1131px) 100vw, 1131px\" \/><\/a><\/figure>\n\n\n\n<figure class=\"wp-block-image size-large\"><a href=\"https:\/\/iscsconcordia-ers.infd.edu.ar\/sitio\/postales-de-las-xvii-jornadas-de-catedras-abiertas-de-ciencias-sociales\/\" target=\"_blank\" rel=\"noreferrer noopener\"><img decoding=\"async\" loading=\"lazy\" width=\"430\" height=\"640\" data-id=\"1779\"  src=\"https:\/\/iscsconcordia-ers.infd.edu.ar\/sitio\/wp-content\/uploads\/2021\/09\/XVII_jornadas_Cien_Soc..png\" alt=\"\" class=\"wp-image-1779\"\/><\/a><\/figure>\n\n\n\n<figure class=\"wp-block-image size-large\"><a href=\"https:\/\/iscsconcordia-ers.infd.edu.ar\/sitio\/xvi-jornadas-de-catedras-abiertas-de-ciencias-sociales\/\" target=\"_blank\" rel=\"noreferrer noopener\"><img decoding=\"async\" loading=\"lazy\" width=\"1312\" height=\"1661\" data-id=\"6163\"  src=\"https:\/\/iscsconcordia-ers.infd.edu.ar\/sitio\/wp-content\/uploads\/2025\/10\/16-1.png\" alt=\"\" class=\"wp-image-6163\" srcset=\"https:\/\/iscsconcordia-ers.infd.edu.ar\/sitio\/wp-content\/uploads\/2025\/10\/16-1.png 1312w, https:\/\/iscsconcordia-ers.infd.edu.ar\/sitio\/wp-content\/uploads\/2025\/10\/16-1-790x1000.png 790w, https:\/\/iscsconcordia-ers.infd.edu.ar\/sitio\/wp-content\/uploads\/2025\/10\/16-1-768x972.png 768w, https:\/\/iscsconcordia-ers.infd.edu.ar\/sitio\/wp-content\/uploads\/2025\/10\/16-1-1213x1536.png 1213w\" sizes=\"(max-width: 1312px) 100vw, 1312px\" \/><\/a><\/figure>\n\n\n\n<figure class=\"wp-block-image size-large\"><a href=\"https:\/\/iscsconcordia-ers.infd.edu.ar\/sitio\/xv-jornadas-de-catedras-abiertas-de-ciencias-sociales\/\" target=\"_blank\" rel=\"noreferrer noopener\"><img decoding=\"async\" loading=\"lazy\" width=\"1900\" height=\"723\" data-id=\"5166\"  src=\"https:\/\/iscsconcordia-ers.infd.edu.ar\/sitio\/wp-content\/uploads\/2025\/10\/jornadas2014-1900x723.png\" alt=\"\" class=\"wp-image-5166\" srcset=\"https:\/\/iscsconcordia-ers.infd.edu.ar\/sitio\/wp-content\/uploads\/2025\/10\/jornadas2014-1900x723.png 1900w, https:\/\/iscsconcordia-ers.infd.edu.ar\/sitio\/wp-content\/uploads\/2025\/10\/jornadas2014-1000x380.png 1000w, https:\/\/iscsconcordia-ers.infd.edu.ar\/sitio\/wp-content\/uploads\/2025\/10\/jornadas2014-768x292.png 768w, https:\/\/iscsconcordia-ers.infd.edu.ar\/sitio\/wp-content\/uploads\/2025\/10\/jornadas2014-1536x584.png 1536w, https:\/\/iscsconcordia-ers.infd.edu.ar\/sitio\/wp-content\/uploads\/2025\/10\/jornadas2014-2048x779.png 2048w\" sizes=\"(max-width: 1900px) 100vw, 1900px\" \/><\/a><\/figure>\n\n\n\n<figure class=\"wp-block-image size-large\"><a href=\"https:\/\/iscsconcordia-ers.infd.edu.ar\/sitio\/xiv-jornadas-de-catedras-abiertas-de-ciencias-sociales\/\" target=\"_blank\" rel=\"noreferrer noopener\"><img decoding=\"async\" loading=\"lazy\" width=\"588\" height=\"640\" data-id=\"6156\"  src=\"https:\/\/iscsconcordia-ers.infd.edu.ar\/sitio\/wp-content\/uploads\/2025\/10\/Afiche-2013-1.jpg\" alt=\"\" class=\"wp-image-6156\"\/><\/a><\/figure>\n\n\n\n<figure class=\"wp-block-image size-large\"><a href=\"https:\/\/iscsconcordia-ers.infd.edu.ar\/sitio\/xiii-jornadas-de-catedras-abiertas-de-ciencias-sociales\/\" target=\"_blank\" rel=\"noreferrer noopener\"><img decoding=\"async\" loading=\"lazy\" width=\"1230\" height=\"1900\" data-id=\"1778\"  src=\"https:\/\/iscsconcordia-ers.infd.edu.ar\/sitio\/wp-content\/uploads\/2021\/09\/Afiche_2012-1230x1900.jpg\" alt=\"\" class=\"wp-image-1778\" srcset=\"https:\/\/iscsconcordia-ers.infd.edu.ar\/sitio\/wp-content\/uploads\/2021\/09\/Afiche_2012-1230x1900.jpg 1230w, https:\/\/iscsconcordia-ers.infd.edu.ar\/sitio\/wp-content\/uploads\/2021\/09\/Afiche_2012-648x1000.jpg 648w, https:\/\/iscsconcordia-ers.infd.edu.ar\/sitio\/wp-content\/uploads\/2021\/09\/Afiche_2012-768x1186.jpg 768w, https:\/\/iscsconcordia-ers.infd.edu.ar\/sitio\/wp-content\/uploads\/2021\/09\/Afiche_2012-995x1536.jpg 995w, https:\/\/iscsconcordia-ers.infd.edu.ar\/sitio\/wp-content\/uploads\/2021\/09\/Afiche_2012-1326x2048.jpg 1326w, https:\/\/iscsconcordia-ers.infd.edu.ar\/sitio\/wp-content\/uploads\/2021\/09\/Afiche_2012-scaled.jpg 1658w\" sizes=\"(max-width: 1230px) 100vw, 1230px\" \/><\/a><figcaption class=\"wp-element-caption\"><a href=\"https:\/\/iscsconcordia-ers.infd.edu.ar\/sitio\/xiii-jornadas-de-catedras-abiertas-de-ciencias-sociales\/\" target=\"_blank\" rel=\"noreferrer noopener\">https:\/\/iscsconcordia-ers.infd.edu.ar\/sitio\/xiii-jornadas-de-catedras-abiertas-de-ciencias-sociales\/<\/a><\/figcaption><\/figure>\n\n\n\n<figure class=\"wp-block-image size-large\"><img decoding=\"async\" loading=\"lazy\" width=\"1900\" height=\"723\" data-id=\"6079\"  src=\"https:\/\/iscsconcordia-ers.infd.edu.ar\/sitio\/wp-content\/uploads\/2025\/10\/13-1900x723.png\" alt=\"\" class=\"wp-image-6079\" srcset=\"https:\/\/iscsconcordia-ers.infd.edu.ar\/sitio\/wp-content\/uploads\/2025\/10\/13-1900x723.png 1900w, https:\/\/iscsconcordia-ers.infd.edu.ar\/sitio\/wp-content\/uploads\/2025\/10\/13-1000x380.png 1000w, https:\/\/iscsconcordia-ers.infd.edu.ar\/sitio\/wp-content\/uploads\/2025\/10\/13-768x292.png 768w, https:\/\/iscsconcordia-ers.infd.edu.ar\/sitio\/wp-content\/uploads\/2025\/10\/13-1536x584.png 1536w, https:\/\/iscsconcordia-ers.infd.edu.ar\/sitio\/wp-content\/uploads\/2025\/10\/13-2048x779.png 2048w\" sizes=\"(max-width: 1900px) 100vw, 1900px\" \/><\/figure>\n\n\n\n<figure class=\"wp-block-image size-large\"><img decoding=\"async\" loading=\"lazy\" width=\"1900\" height=\"723\" data-id=\"6083\"  src=\"https:\/\/iscsconcordia-ers.infd.edu.ar\/sitio\/wp-content\/uploads\/2025\/10\/14-1900x723.png\" alt=\"\" class=\"wp-image-6083\" srcset=\"https:\/\/iscsconcordia-ers.infd.edu.ar\/sitio\/wp-content\/uploads\/2025\/10\/14-1900x723.png 1900w, https:\/\/iscsconcordia-ers.infd.edu.ar\/sitio\/wp-content\/uploads\/2025\/10\/14-1000x380.png 1000w, https:\/\/iscsconcordia-ers.infd.edu.ar\/sitio\/wp-content\/uploads\/2025\/10\/14-768x292.png 768w, https:\/\/iscsconcordia-ers.infd.edu.ar\/sitio\/wp-content\/uploads\/2025\/10\/14-1536x584.png 1536w, https:\/\/iscsconcordia-ers.infd.edu.ar\/sitio\/wp-content\/uploads\/2025\/10\/14-2048x779.png 2048w\" sizes=\"(max-width: 1900px) 100vw, 1900px\" \/><\/figure>\n\n\n\n<figure class=\"wp-block-image size-large\"><a href=\"https:\/\/iscsconcordia-ers.infd.edu.ar\/sitio\/x-jornadas-de-catedras-abiertas-de-ciencias-sociales\/\" target=\"_blank\" rel=\"noreferrer noopener\"><img decoding=\"async\" loading=\"lazy\" width=\"1900\" height=\"723\" data-id=\"6078\"  src=\"https:\/\/iscsconcordia-ers.infd.edu.ar\/sitio\/wp-content\/uploads\/2025\/10\/15-1900x723.png\" alt=\"\" class=\"wp-image-6078\" srcset=\"https:\/\/iscsconcordia-ers.infd.edu.ar\/sitio\/wp-content\/uploads\/2025\/10\/15-1900x723.png 1900w, https:\/\/iscsconcordia-ers.infd.edu.ar\/sitio\/wp-content\/uploads\/2025\/10\/15-1000x380.png 1000w, https:\/\/iscsconcordia-ers.infd.edu.ar\/sitio\/wp-content\/uploads\/2025\/10\/15-768x292.png 768w, https:\/\/iscsconcordia-ers.infd.edu.ar\/sitio\/wp-content\/uploads\/2025\/10\/15-1536x584.png 1536w, https:\/\/iscsconcordia-ers.infd.edu.ar\/sitio\/wp-content\/uploads\/2025\/10\/15-2048x779.png 2048w\" sizes=\"(max-width: 1900px) 100vw, 1900px\" \/><\/a><\/figure>\n\n\n\n<figure class=\"wp-block-image size-large\"><a href=\"https:\/\/iscsconcordia-ers.infd.edu.ar\/sitio\/ix-jornadas-de-catedras-abiertas-de-ciencias-sociales\/\" target=\"_blank\" rel=\"noreferrer noopener\"><img decoding=\"async\" loading=\"lazy\" width=\"1900\" height=\"723\" data-id=\"6081\"  src=\"https:\/\/iscsconcordia-ers.infd.edu.ar\/sitio\/wp-content\/uploads\/2025\/10\/16-1900x723.png\" alt=\"\" class=\"wp-image-6081\" srcset=\"https:\/\/iscsconcordia-ers.infd.edu.ar\/sitio\/wp-content\/uploads\/2025\/10\/16-1900x723.png 1900w, https:\/\/iscsconcordia-ers.infd.edu.ar\/sitio\/wp-content\/uploads\/2025\/10\/16-1000x380.png 1000w, https:\/\/iscsconcordia-ers.infd.edu.ar\/sitio\/wp-content\/uploads\/2025\/10\/16-768x292.png 768w, https:\/\/iscsconcordia-ers.infd.edu.ar\/sitio\/wp-content\/uploads\/2025\/10\/16-1536x584.png 1536w, https:\/\/iscsconcordia-ers.infd.edu.ar\/sitio\/wp-content\/uploads\/2025\/10\/16-2048x779.png 2048w\" sizes=\"(max-width: 1900px) 100vw, 1900px\" \/><\/a><\/figure>\n\n\n\n<figure class=\"wp-block-image size-large\"><a href=\"https:\/\/iscsconcordia-ers.infd.edu.ar\/sitio\/viii-jornadas-de-catedras-abiertas-de-ciencias-sociales\/\" target=\"_blank\" rel=\"noreferrer noopener\"><img decoding=\"async\" loading=\"lazy\" width=\"1900\" height=\"723\" data-id=\"6082\"  src=\"https:\/\/iscsconcordia-ers.infd.edu.ar\/sitio\/wp-content\/uploads\/2025\/10\/17-1900x723.png\" alt=\"\" class=\"wp-image-6082\" srcset=\"https:\/\/iscsconcordia-ers.infd.edu.ar\/sitio\/wp-content\/uploads\/2025\/10\/17-1900x723.png 1900w, https:\/\/iscsconcordia-ers.infd.edu.ar\/sitio\/wp-content\/uploads\/2025\/10\/17-1000x380.png 1000w, https:\/\/iscsconcordia-ers.infd.edu.ar\/sitio\/wp-content\/uploads\/2025\/10\/17-768x292.png 768w, https:\/\/iscsconcordia-ers.infd.edu.ar\/sitio\/wp-content\/uploads\/2025\/10\/17-1536x584.png 1536w, https:\/\/iscsconcordia-ers.infd.edu.ar\/sitio\/wp-content\/uploads\/2025\/10\/17-2048x779.png 2048w\" sizes=\"(max-width: 1900px) 100vw, 1900px\" \/><\/a><\/figure>\n\n\n\n<figure class=\"wp-block-image size-large\"><a href=\"https:\/\/iscsconcordia-ers.infd.edu.ar\/sitio\/vii-jornadas-de-catedras-abiertas-de-ciencias-sociales\/\" target=\"_blank\" rel=\"noreferrer noopener\"><img decoding=\"async\" loading=\"lazy\" width=\"1900\" height=\"1183\" data-id=\"2082\"  src=\"https:\/\/iscsconcordia-ers.infd.edu.ar\/sitio\/wp-content\/uploads\/2021\/10\/7a-jornadas-1900x1183.jpg\" alt=\"\" class=\"wp-image-2082\" srcset=\"https:\/\/iscsconcordia-ers.infd.edu.ar\/sitio\/wp-content\/uploads\/2021\/10\/7a-jornadas-1900x1183.jpg 1900w, https:\/\/iscsconcordia-ers.infd.edu.ar\/sitio\/wp-content\/uploads\/2021\/10\/7a-jornadas-1000x623.jpg 1000w, https:\/\/iscsconcordia-ers.infd.edu.ar\/sitio\/wp-content\/uploads\/2021\/10\/7a-jornadas-768x478.jpg 768w, https:\/\/iscsconcordia-ers.infd.edu.ar\/sitio\/wp-content\/uploads\/2021\/10\/7a-jornadas-1536x957.jpg 1536w, https:\/\/iscsconcordia-ers.infd.edu.ar\/sitio\/wp-content\/uploads\/2021\/10\/7a-jornadas-2048x1275.jpg 2048w\" sizes=\"(max-width: 1900px) 100vw, 1900px\" \/><\/a><\/figure>\n\n\n\n<figure class=\"wp-block-image size-large\"><a href=\"https:\/\/iscsconcordia-ers.infd.edu.ar\/sitio\/vi-jornadas-de-catedras-abiertas-de-ciencias-sociales\/\" target=\"_blank\" rel=\"noreferrer noopener\"><img decoding=\"async\" loading=\"lazy\" width=\"1900\" height=\"723\" data-id=\"6080\"  src=\"https:\/\/iscsconcordia-ers.infd.edu.ar\/sitio\/wp-content\/uploads\/2025\/10\/18-1900x723.png\" alt=\"\" class=\"wp-image-6080\" srcset=\"https:\/\/iscsconcordia-ers.infd.edu.ar\/sitio\/wp-content\/uploads\/2025\/10\/18-1900x723.png 1900w, https:\/\/iscsconcordia-ers.infd.edu.ar\/sitio\/wp-content\/uploads\/2025\/10\/18-1000x380.png 1000w, https:\/\/iscsconcordia-ers.infd.edu.ar\/sitio\/wp-content\/uploads\/2025\/10\/18-768x292.png 768w, https:\/\/iscsconcordia-ers.infd.edu.ar\/sitio\/wp-content\/uploads\/2025\/10\/18-1536x584.png 1536w, https:\/\/iscsconcordia-ers.infd.edu.ar\/sitio\/wp-content\/uploads\/2025\/10\/18-2048x779.png 2048w\" sizes=\"(max-width: 1900px) 100vw, 1900px\" \/><\/a><\/figure>\n\n\n\n<figure class=\"wp-block-image size-large\"><img decoding=\"async\" loading=\"lazy\" width=\"1900\" height=\"723\" data-id=\"6084\"  src=\"https:\/\/iscsconcordia-ers.infd.edu.ar\/sitio\/wp-content\/uploads\/2025\/10\/18-1-1900x723.png\" alt=\"\" class=\"wp-image-6084\" srcset=\"https:\/\/iscsconcordia-ers.infd.edu.ar\/sitio\/wp-content\/uploads\/2025\/10\/18-1-1900x723.png 1900w, https:\/\/iscsconcordia-ers.infd.edu.ar\/sitio\/wp-content\/uploads\/2025\/10\/18-1-1000x380.png 1000w, https:\/\/iscsconcordia-ers.infd.edu.ar\/sitio\/wp-content\/uploads\/2025\/10\/18-1-768x292.png 768w, https:\/\/iscsconcordia-ers.infd.edu.ar\/sitio\/wp-content\/uploads\/2025\/10\/18-1-1536x584.png 1536w, https:\/\/iscsconcordia-ers.infd.edu.ar\/sitio\/wp-content\/uploads\/2025\/10\/18-1-2048x779.png 2048w\" sizes=\"(max-width: 1900px) 100vw, 1900px\" \/><\/figure>\n\n\n\n<figure class=\"wp-block-image size-large\"><img decoding=\"async\" loading=\"lazy\" width=\"1436\" height=\"1900\" data-id=\"2085\"  src=\"https:\/\/iscsconcordia-ers.infd.edu.ar\/sitio\/wp-content\/uploads\/2021\/10\/4a-jornadas-1436x1900.jpg\" alt=\"\" class=\"wp-image-2085\" srcset=\"https:\/\/iscsconcordia-ers.infd.edu.ar\/sitio\/wp-content\/uploads\/2021\/10\/4a-jornadas-1436x1900.jpg 1436w, https:\/\/iscsconcordia-ers.infd.edu.ar\/sitio\/wp-content\/uploads\/2021\/10\/4a-jornadas-756x1000.jpg 756w, https:\/\/iscsconcordia-ers.infd.edu.ar\/sitio\/wp-content\/uploads\/2021\/10\/4a-jornadas-768x1016.jpg 768w, https:\/\/iscsconcordia-ers.infd.edu.ar\/sitio\/wp-content\/uploads\/2021\/10\/4a-jornadas-1161x1536.jpg 1161w, https:\/\/iscsconcordia-ers.infd.edu.ar\/sitio\/wp-content\/uploads\/2021\/10\/4a-jornadas-1548x2048.jpg 1548w, https:\/\/iscsconcordia-ers.infd.edu.ar\/sitio\/wp-content\/uploads\/2021\/10\/4a-jornadas.jpg 1780w\" sizes=\"(max-width: 1436px) 100vw, 1436px\" \/><\/figure>\n\n\n\n<figure class=\"wp-block-image size-large\"><img decoding=\"async\" loading=\"lazy\" width=\"1234\" height=\"1900\" data-id=\"2084\"  src=\"https:\/\/iscsconcordia-ers.infd.edu.ar\/sitio\/wp-content\/uploads\/2021\/10\/3a-jornadas-1234x1900.jpg\" alt=\"\" class=\"wp-image-2084\" srcset=\"https:\/\/iscsconcordia-ers.infd.edu.ar\/sitio\/wp-content\/uploads\/2021\/10\/3a-jornadas-1234x1900.jpg 1234w, https:\/\/iscsconcordia-ers.infd.edu.ar\/sitio\/wp-content\/uploads\/2021\/10\/3a-jornadas-649x1000.jpg 649w, https:\/\/iscsconcordia-ers.infd.edu.ar\/sitio\/wp-content\/uploads\/2021\/10\/3a-jornadas-768x1183.jpg 768w, https:\/\/iscsconcordia-ers.infd.edu.ar\/sitio\/wp-content\/uploads\/2021\/10\/3a-jornadas-997x1536.jpg 997w, https:\/\/iscsconcordia-ers.infd.edu.ar\/sitio\/wp-content\/uploads\/2021\/10\/3a-jornadas-1330x2048.jpg 1330w, https:\/\/iscsconcordia-ers.infd.edu.ar\/sitio\/wp-content\/uploads\/2021\/10\/3a-jornadas.jpg 1650w\" sizes=\"(max-width: 1234px) 100vw, 1234px\" \/><\/figure>\n\n\n\n<figure class=\"wp-block-image size-large\"><img decoding=\"async\" loading=\"lazy\" width=\"616\" height=\"960\" data-id=\"6159\"  src=\"https:\/\/iscsconcordia-ers.infd.edu.ar\/sitio\/wp-content\/uploads\/2025\/10\/1402268_10205178669852302_1150629740289262979_o.jpg\" alt=\"\" class=\"wp-image-6159\"\/><\/figure>\n\n\n\n<figure class=\"wp-block-image size-large\"><a href=\"https:\/\/iscsconcordia-ers.infd.edu.ar\/sitio\/primeras-jornadas-de-catedras-abiertas-de-ciencias-sociales-ano-2000\/\" target=\"_blank\" rel=\"noreferrer noopener\"><img decoding=\"async\" loading=\"lazy\" width=\"997\" height=\"1900\" data-id=\"2079\"  src=\"https:\/\/iscsconcordia-ers.infd.edu.ar\/sitio\/wp-content\/uploads\/2021\/10\/1a-jornadas-1-997x1900.jpg\" alt=\"\" class=\"wp-image-2079\" srcset=\"https:\/\/iscsconcordia-ers.infd.edu.ar\/sitio\/wp-content\/uploads\/2021\/10\/1a-jornadas-1-997x1900.jpg 997w, https:\/\/iscsconcordia-ers.infd.edu.ar\/sitio\/wp-content\/uploads\/2021\/10\/1a-jornadas-1-525x1000.jpg 525w, https:\/\/iscsconcordia-ers.infd.edu.ar\/sitio\/wp-content\/uploads\/2021\/10\/1a-jornadas-1-768x1463.jpg 768w, https:\/\/iscsconcordia-ers.infd.edu.ar\/sitio\/wp-content\/uploads\/2021\/10\/1a-jornadas-1-806x1536.jpg 806w, https:\/\/iscsconcordia-ers.infd.edu.ar\/sitio\/wp-content\/uploads\/2021\/10\/1a-jornadas-1-1075x2048.jpg 1075w, https:\/\/iscsconcordia-ers.infd.edu.ar\/sitio\/wp-content\/uploads\/2021\/10\/1a-jornadas-1-scaled.jpg 1344w\" sizes=\"(max-width: 997px) 100vw, 997px\" \/><\/a><\/figure>\n\n\n\n<figure class=\"wp-block-image size-large\"><img decoding=\"async\" loading=\"lazy\" width=\"1900\" height=\"723\" data-id=\"5167\"  src=\"https:\/\/iscsconcordia-ers.infd.edu.ar\/sitio\/wp-content\/uploads\/2025\/10\/Banner-Jornadas-1900x723.png\" alt=\"\" class=\"wp-image-5167\" srcset=\"https:\/\/iscsconcordia-ers.infd.edu.ar\/sitio\/wp-content\/uploads\/2025\/10\/Banner-Jornadas-1900x723.png 1900w, https:\/\/iscsconcordia-ers.infd.edu.ar\/sitio\/wp-content\/uploads\/2025\/10\/Banner-Jornadas-1000x380.png 1000w, https:\/\/iscsconcordia-ers.infd.edu.ar\/sitio\/wp-content\/uploads\/2025\/10\/Banner-Jornadas-768x292.png 768w, https:\/\/iscsconcordia-ers.infd.edu.ar\/sitio\/wp-content\/uploads\/2025\/10\/Banner-Jornadas-1536x584.png 1536w, https:\/\/iscsconcordia-ers.infd.edu.ar\/sitio\/wp-content\/uploads\/2025\/10\/Banner-Jornadas-2048x779.png 2048w\" sizes=\"(max-width: 1900px) 100vw, 1900px\" \/><\/figure>\n<\/figure>\n","protected":false},"excerpt":{"rendered":"<p>PRIMERAS JORNADAS DE C\u00c1TEDRAS ABIERTAS DE CIENCIAS SOCIALES Desde su creaci\u00f3n, en el a\u00f1o 1991, el Profesorado Superior de Ciencias Sociales de Concordia, ha intentado constituirse en un espacio de reflexi\u00f3n cr\u00edtica sobre la historia, la realidad presente y el futuro. Un lugar en el cual, a partir de las herramientas te\u00f3ricas que nos aportan &#8230; <a title=\"20 A\u00f1os de Jornadas de C\u00e1tedras Abiertas de Ciencias Sociales\" class=\"read-more\" href=\"https:\/\/iscsconcordia-ers.infd.edu.ar\/sitio\/jornadas-anteriores-de-ciencias-sociales\/\" aria-label=\"More on 20 A\u00f1os de Jornadas de C\u00e1tedras Abiertas de Ciencias Sociales\">[+]<\/a><\/p>\n","protected":false},"author":37,"featured_media":0,"parent":0,"menu_order":0,"comment_status":"closed","ping_status":"closed","template":"","meta":[],"acf":[],"_links":{"self":[{"href":"https:\/\/iscsconcordia-ers.infd.edu.ar\/sitio\/wp-json\/wp\/v2\/pages\/812"}],"collection":[{"href":"https:\/\/iscsconcordia-ers.infd.edu.ar\/sitio\/wp-json\/wp\/v2\/pages"}],"about":[{"href":"https:\/\/iscsconcordia-ers.infd.edu.ar\/sitio\/wp-json\/wp\/v2\/types\/page"}],"author":[{"embeddable":true,"href":"https:\/\/iscsconcordia-ers.infd.edu.ar\/sitio\/wp-json\/wp\/v2\/users\/37"}],"replies":[{"embeddable":true,"href":"https:\/\/iscsconcordia-ers.infd.edu.ar\/sitio\/wp-json\/wp\/v2\/comments?post=812"}],"version-history":[{"count":50,"href":"https:\/\/iscsconcordia-ers.infd.edu.ar\/sitio\/wp-json\/wp\/v2\/pages\/812\/revisions"}],"predecessor-version":[{"id":6754,"href":"https:\/\/iscsconcordia-ers.infd.edu.ar\/sitio\/wp-json\/wp\/v2\/pages\/812\/revisions\/6754"}],"wp:attachment":[{"href":"https:\/\/iscsconcordia-ers.infd.edu.ar\/sitio\/wp-json\/wp\/v2\/media?parent=812"}],"curies":[{"name":"wp","href":"https:\/\/api.w.org\/{rel}","templated":true}]}}