{"id":801,"date":"2019-03-03T01:39:56","date_gmt":"2019-03-03T04:39:56","guid":{"rendered":"https:\/\/iscsconcordia-ers.infd.edu.ar\/sitio\/calendario-academico\/"},"modified":"2026-02-20T10:10:17","modified_gmt":"2026-02-20T13:10:17","slug":"calendario-academico","status":"publish","type":"page","link":"https:\/\/iscsconcordia-ers.infd.edu.ar\/sitio\/calendario-academico\/","title":{"rendered":"Calendario Acad\u00e9mico"},"content":{"rendered":"<h1 style=\"text-align: center;\"><strong>CALENDARIO ACAD\u00c9MICO 2026<\/strong><\/h1>\n<p style=\"text-align: center;\"><b>Res. 3686\/25 CGE<br \/>\n<\/b><\/p>\n<h6><em><b>Nota: este calendario puede sufrir modificaciones<\/b><\/em><\/h6>\n<h4><\/h4>\n<h4 style=\"text-align: center;\"><strong>FEBRERO <\/strong><\/h4>\n<p><strong>11 &#8211; Presentaci\u00f3n del equipo de gesti\u00f3n.<\/strong><\/p>\n<p><strong>12 &#8211; Presentaci\u00f3n de docentes.<\/strong><\/p>\n<p><strong>11\/02 al 25\/03 &#8211; Mes de Presentaci\u00f3n de solicitud de tramitaci\u00f3n de Equivalencias, en el marco de la Resoluci\u00f3n N\u00ba0249\/24 CGE. Art. 55\u00ba<\/strong><\/p>\n<p><strong>18\/02 al 06\/03 &#8211; Mesas evaluadoras ordinarias. Turno febrero-marzo (2 llamados)<\/strong><strong>MARZO<\/strong><\/p>\n<h4><\/h4>\n<h4 style=\"text-align: center;\"><strong>MARZO<\/strong><\/h4>\n<p><strong>06\/03 &#8211; Finalizaci\u00f3n A\u00f1o Acad\u00e9mico 2025.<\/strong><\/p>\n<p><strong>09\/03 &#8211; Inicio A\u00f1o Acad\u00e9mico 2026.<\/strong><\/p>\n<p><strong>09\/03 al 27\/03 <\/strong><strong>&#8211; Ciclo introductorio para Ingresantes a todas las carreras (Talleres iniciales)<\/strong><\/p>\n<p><strong>10 al 13\/03 &#8211; Re-Inscripci\u00f3n obligatoria de estudiantes de 2do, 3ro y 4to a\u00f1o de todas las carreras, inscripci\u00f3n de alumnos especiales y de recursantes.<\/strong><\/p>\n<p><strong>16\/03 &#8211; Inicio del primer cuatrimestre para los estudiantes que cursen de 2\u00b0 a\u00f1o en adelante de todas las carreras. <\/strong><\/p>\n<p><strong>10 de Febrero al 25 de \u00a0marzo &#8211; Solicitud de Equivalencias realizadas en los \u00faltimos 10 a\u00f1os ( solicitud por planilla correspondiente sin excepci\u00f3n)<\/strong><\/p>\n<p><strong>20- Jornada institucional d\u00eda de la Memoria, por la Verdad y Justicia. (Confirmar fecha y aprobar por CD)<\/strong><\/p>\n<p><strong>30\/03 &#8211; Inicio de la cursada de las unidades curriculares del primer cuatrimestre para estudiantes de primer a\u00f1o de todas las carreras.<br \/>\n<\/strong><\/p>\n<h4 style=\"text-align: center;\"><strong>ABRIL<\/strong><\/h4>\n<p><strong>26\/03 al 10\/04 &#8211; Evaluaci\u00f3n de pedidos de Equivalencias.<\/strong><\/p>\n<p><strong>27 al 30\/04 &#8211; Inscripciones a mesas extraordinarias del turno Mayo.<\/strong><\/p>\n<h4><\/h4>\n<h4 style=\"text-align: center;\"><strong>MAYO<\/strong><\/h4>\n<p><strong>18 al 22 . Mesas evaluadoras extraordinarias de al RAM (R. N\u00b0 0249\/24 CGE), con suspensi\u00f3n de actividades s\u00f3lo para docentes que las integran. Un solo llamado una sola inscripci\u00f3n a cada UC seg\u00fan Resol. 0249\/23 CGE)<\/strong><\/p>\n<h4 style=\"text-align: center;\"><strong>JUNIO<\/strong><\/h4>\n<h4 style=\"text-align: center;\"><strong>JULIO<\/strong><\/h4>\n<p><strong>3 de julio. Fin del primer cuatrimestre.<\/strong><br \/>\n<strong>06 al 17 de julio. Receso de Invierno.<\/strong><br \/>\n<strong>20 al 31 de julio. Mesas evaluadoras ordinarias. Turno julio \u2013 agosto (2 llamados) <\/strong><\/p>\n<h4 style=\"text-align: center;\"><strong>\u00a0<\/strong><strong>\u00a0\u00a0<\/strong><\/h4>\n","protected":false},"excerpt":{"rendered":"<p>CALENDARIO ACAD\u00c9MICO 2026 Res. 3686\/25 CGE Nota: este calendario puede sufrir modificaciones FEBRERO 11 &#8211; Presentaci\u00f3n del equipo de gesti\u00f3n. 12 &#8211; Presentaci\u00f3n de docentes. 11\/02 al 25\/03 &#8211; Mes de Presentaci\u00f3n de solicitud de tramitaci\u00f3n de Equivalencias, en el marco de la Resoluci\u00f3n N\u00ba0249\/24 CGE. Art. 55\u00ba 18\/02 al 06\/03 &#8211; Mesas evaluadoras ordinarias. &#8230; <a title=\"Calendario Acad\u00e9mico\" class=\"read-more\" href=\"https:\/\/iscsconcordia-ers.infd.edu.ar\/sitio\/calendario-academico\/\" aria-label=\"More on Calendario Acad\u00e9mico\">[+]<\/a><\/p>\n","protected":false},"author":51,"featured_media":0,"parent":0,"menu_order":2,"comment_status":"closed","ping_status":"closed","template":"","meta":[],"acf":[],"_links":{"self":[{"href":"https:\/\/iscsconcordia-ers.infd.edu.ar\/sitio\/wp-json\/wp\/v2\/pages\/801"}],"collection":[{"href":"https:\/\/iscsconcordia-ers.infd.edu.ar\/sitio\/wp-json\/wp\/v2\/pages"}],"about":[{"href":"https:\/\/iscsconcordia-ers.infd.edu.ar\/sitio\/wp-json\/wp\/v2\/types\/page"}],"author":[{"embeddable":true,"href":"https:\/\/iscsconcordia-ers.infd.edu.ar\/sitio\/wp-json\/wp\/v2\/users\/51"}],"replies":[{"embeddable":true,"href":"https:\/\/iscsconcordia-ers.infd.edu.ar\/sitio\/wp-json\/wp\/v2\/comments?post=801"}],"version-history":[{"count":17,"href":"https:\/\/iscsconcordia-ers.infd.edu.ar\/sitio\/wp-json\/wp\/v2\/pages\/801\/revisions"}],"predecessor-version":[{"id":6911,"href":"https:\/\/iscsconcordia-ers.infd.edu.ar\/sitio\/wp-json\/wp\/v2\/pages\/801\/revisions\/6911"}],"wp:attachment":[{"href":"https:\/\/iscsconcordia-ers.infd.edu.ar\/sitio\/wp-json\/wp\/v2\/media?parent=801"}],"curies":[{"name":"wp","href":"https:\/\/api.w.org\/{rel}","templated":true}]}}