{"id":789,"date":"2018-06-28T01:39:53","date_gmt":"2018-06-28T04:39:53","guid":{"rendered":"https:\/\/iscsconcordia-ers.infd.edu.ar\/sitio\/datos-institucionales\/"},"modified":"2025-09-24T13:20:11","modified_gmt":"2025-09-24T16:20:11","slug":"datos-institucionales","status":"publish","type":"page","link":"https:\/\/iscsconcordia-ers.infd.edu.ar\/sitio\/datos-institucionales\/","title":{"rendered":"Datos institucionales"},"content":{"rendered":"<div class=\"wp-block-image\">\n<figure class=\"aligncenter size-full is-resized\"><img decoding=\"async\" loading=\"lazy\" src=\"https:\/\/iscsconcordia-ers.infd.edu.ar\/sitio\/wp-content\/uploads\/2025\/09\/LOGOSOCIALESREDONDO-1.png\" alt=\"\" class=\"wp-image-4334\" width=\"375\" height=\"375\"\/><\/figure><\/div>\n\n\n<p><strong>Direcci\u00f3n: Hip\u00f3lito Yrigoyen 1352 &#8211; Concordia &#8211; Entre R\u00edos (3200)<\/strong><\/p>\n\n\n\n<p><strong>Tel\u00e9fono: 345 &#8211; 4214230<\/strong><\/p>\n\n\n\n<p><strong><a href=\"https:\/\/www.facebook.com\/profesoradosup.cienciassociales\" target=\"_blank\" rel=\"noreferrer noopener\">Facebook: profesoradosup.cienciassociales<\/a><\/strong><\/p>\n\n\n\n<p><strong><a href=\"https:\/\/www.instagram.com\/profecienciassociales\/\" target=\"_blank\" rel=\"noreferrer noopener\">Instagram:<\/a><\/strong> <strong><a href=\"https:\/\/www.instagram.com\/profecienciassociales\/\" target=\"_blank\" rel=\"noreferrer noopener\">profecienciassociales<\/a><\/strong><\/p>\n\n\n\n<p><\/p>\n","protected":false},"excerpt":{"rendered":"<p>Direcci\u00f3n: Hip\u00f3lito Yrigoyen 1352 &#8211; Concordia &#8211; Entre R\u00edos (3200) Tel\u00e9fono: 345 &#8211; 4214230 Facebook: profesoradosup.cienciassociales Instagram: profecienciassociales<\/p>\n","protected":false},"author":51,"featured_media":0,"parent":0,"menu_order":0,"comment_status":"closed","ping_status":"closed","template":"","meta":[],"acf":[],"_links":{"self":[{"href":"https:\/\/iscsconcordia-ers.infd.edu.ar\/sitio\/wp-json\/wp\/v2\/pages\/789"}],"collection":[{"href":"https:\/\/iscsconcordia-ers.infd.edu.ar\/sitio\/wp-json\/wp\/v2\/pages"}],"about":[{"href":"https:\/\/iscsconcordia-ers.infd.edu.ar\/sitio\/wp-json\/wp\/v2\/types\/page"}],"author":[{"embeddable":true,"href":"https:\/\/iscsconcordia-ers.infd.edu.ar\/sitio\/wp-json\/wp\/v2\/users\/51"}],"replies":[{"embeddable":true,"href":"https:\/\/iscsconcordia-ers.infd.edu.ar\/sitio\/wp-json\/wp\/v2\/comments?post=789"}],"version-history":[{"count":4,"href":"https:\/\/iscsconcordia-ers.infd.edu.ar\/sitio\/wp-json\/wp\/v2\/pages\/789\/revisions"}],"predecessor-version":[{"id":4336,"href":"https:\/\/iscsconcordia-ers.infd.edu.ar\/sitio\/wp-json\/wp\/v2\/pages\/789\/revisions\/4336"}],"wp:attachment":[{"href":"https:\/\/iscsconcordia-ers.infd.edu.ar\/sitio\/wp-json\/wp\/v2\/media?parent=789"}],"curies":[{"name":"wp","href":"https:\/\/api.w.org\/{rel}","templated":true}]}}