{"id":2139,"date":"2022-04-21T18:38:33","date_gmt":"2022-04-21T21:38:33","guid":{"rendered":"https:\/\/iscsconcordia-ers.infd.edu.ar\/sitio\/?page_id=2139"},"modified":"2025-12-10T14:25:11","modified_gmt":"2025-12-10T17:25:11","slug":"ordenes-de-prelacion","status":"publish","type":"page","link":"https:\/\/iscsconcordia-ers.infd.edu.ar\/sitio\/ordenes-de-prelacion\/","title":{"rendered":"Ordenes de Prelaci\u00f3n"},"content":{"rendered":"\n<ul>\n<li><a href=\"https:\/\/www.facebook.com\/100063685575697\/posts\/1453966160069556\/?rdid=EWzXPm50LIWaDyKH#\" target=\"_blank\" rel=\"noreferrer noopener\">Orden: 10\/12\/2025<\/a><\/li>\n\n\n\n<li><a rel=\"noreferrer noopener\" href=\"https:\/\/www.facebook.com\/story.php?story_fbid=1434333242032848&amp;id=100063685575697&amp;rdid=H63J8QdcFOAStpWn#\" target=\"_blank\">Orden: 17\/11\/2025<\/a><\/li>\n\n\n\n<li><a rel=\"noreferrer noopener\" href=\"https:\/\/www.facebook.com\/story.php?story_fbid=1418613776938128&amp;id=100063685575697&amp;rdid=yDcmA0ttxoMRh8yC#\" target=\"_blank\">Orden: 31\/10\/2025<\/a><\/li>\n\n\n\n<li><a rel=\"noreferrer noopener\" href=\"https:\/\/www.facebook.com\/story.php?story_fbid=1417648563701316&amp;id=100063685575697&amp;rdid=fVOduBfjGUyxFV7C#\" target=\"_blank\">Orden: 30\/10\/2025<\/a><\/li>\n\n\n\n<li><a rel=\"noreferrer noopener\" href=\"https:\/\/www.facebook.com\/story.php?story_fbid=1360742769391896&amp;id=100063685575697&amp;rdid=MOGf7Y9KbigfJVBs#\" target=\"_blank\">Orden: 01\/09\/2025<\/a><\/li>\n\n\n\n<li><a rel=\"noreferrer noopener\" href=\"https:\/\/www.facebook.com\/story.php?story_fbid=1280850624047778&amp;id=100063685575697&amp;rdid=uheP22zgyzHZX7sY#\" target=\"_blank\">Orden: 03\/06\/2025<\/a><\/li>\n\n\n\n<li><a rel=\"noreferrer noopener\" href=\"https:\/\/www.facebook.com\/story.php?story_fbid=1274786064654234&amp;id=100063685575697&amp;rdid=np0kBLSDQ9vN65kY#\" target=\"_blank\">Orden: 27\/05\/2025<\/a><\/li>\n\n\n\n<li><a rel=\"noreferrer noopener\" href=\"https:\/\/www.facebook.com\/story.php?story_fbid=1258192842980223&amp;id=100063685575697&amp;rdid=8jtZSszzBU4Sxr33#\" target=\"_blank\">Orden: 08\/05\/2025<\/a><\/li>\n\n\n\n<li><a rel=\"noreferrer noopener\" href=\"https:\/\/www.facebook.com\/story.php?story_fbid=1256634439802730&amp;id=100063685575697&amp;rdid=eIvydywmIebiCf9W#\" target=\"_blank\">Orden: 06\/05\/202<\/a>5<\/li>\n\n\n\n<li><a rel=\"noreferrer noopener\" href=\"https:\/\/www.facebook.com\/story.php?story_fbid=1249973680468806&amp;id=100063685575697&amp;rdid=K1tdICVh8jiCM1zs#\" target=\"_blank\">Orden: 29\/04\/2025<\/a><\/li>\n\n\n\n<li><a rel=\"noreferrer noopener\" href=\"https:\/\/www.facebook.com\/story.php?story_fbid=1242626274536880&amp;id=100063685575697&amp;rdid=MQLGylXOAT8Ct7es#\" target=\"_blank\">Orden: 22\/04\/2025<\/a><\/li>\n\n\n\n<li><a rel=\"noreferrer noopener\" href=\"https:\/\/www.facebook.com\/story.php?story_fbid=1237098821756292&amp;id=100063685575697&amp;rdid=NI5n0DngUbF9FVP5#\" target=\"_blank\">Orden: 16\/04\/2025<\/a><\/li>\n\n\n\n<li><a rel=\"noreferrer noopener\" href=\"https:\/\/www.facebook.com\/story.php?story_fbid=1224426579690183&amp;id=100063685575697&amp;rdid=bUxEdZcJ0YTcunMp#\" target=\"_blank\">Orden: 04\/04\/25: Preceptor<\/a><\/li>\n\n\n\n<li><a href=\"https:\/\/www.facebook.com\/story.php?story_fbid=1224427126356795&amp;id=100063685575697&amp;rdid=gvuPh2agpC1Sxnfw#\" target=\"_blank\" rel=\"noreferrer noopener\">Orden: 04\/04\/25: Carrera Ciencia Pol\u00edtica<\/a><\/li>\n\n\n\n<li><a href=\"https:\/\/www.facebook.com\/story.php?story_fbid=1223982549734586&amp;id=100063685575697&amp;rdid=WDaJAIEy4CI8h56R#\" target=\"_blank\" rel=\"noreferrer noopener\">Orden: 03\/04\/25<\/a><\/li>\n\n\n\n<li><a rel=\"noreferrer noopener\" href=\"https:\/\/www.facebook.com\/story.php?story_fbid=1214578724008302&amp;id=100063685575697&amp;rdid=aUnupliAbULJQ0gw#\" target=\"_blank\">Orden: 26\/03\/2025<\/a>: Carrera Historia<\/li>\n\n\n\n<li><a rel=\"noreferrer noopener\" href=\"https:\/\/www.facebook.com\/story.php?story_fbid=1206212914844883&amp;id=100063685575697&amp;rdid=9hBmGcvhmZxyVun9#\" target=\"_blank\">Orden: 17\/03\/2025: Precep<\/a>tor<\/li>\n\n\n\n<li><a href=\"https:\/\/www.facebook.com\/story.php?story_fbid=1206056558193852&amp;id=100063685575697&amp;rdid=xtKxYzFshydS5obx#\" target=\"_blank\" rel=\"noreferrer noopener\">Orden: 17\/03\/2025: Carrera<\/a> Ciencia Pol\u00edtica<\/li>\n\n\n\n<li><a rel=\"noreferrer noopener\" href=\"https:\/\/www.facebook.com\/story.php?story_fbid=1203358751796966&amp;id=100063685575697&amp;rdid=9Y24eEZXjWuw37N0#\" target=\"_blank\">Orden: 14\/03\/2025<\/a><\/li>\n\n\n\n<li><a rel=\"noreferrer noopener\" href=\"https:\/\/docs.google.com\/document\/d\/1vtY58jMtMKJsnzPfE_iWpZ2VTcm-5WhfZfBtXCbUNw8\/edit?usp=sharing\" target=\"_blank\">Referente T\u00e9cnico Institucional y UDI:  10\/03\/2025<\/a><\/li>\n\n\n\n<li><a rel=\"noreferrer noopener\" href=\"https:\/\/www.facebook.com\/story.php?story_fbid=1045913200874856&amp;id=100063685575697&amp;mibextid=qi2Omg&amp;rdid=2i61esVMv7Qks5ZK\" target=\"_blank\">Carrera: Ciencia Pol\u00edtica:  04\/09\/2024<\/a><\/li>\n\n\n\n<li><a href=\"https:\/\/www.facebook.com\/story.php?story_fbid=1045852690880907&amp;id=100063685575697&amp;mibextid=qi2Omg&amp;rdid=weAjEtSnwIgd9096\" target=\"_blank\" rel=\"noreferrer noopener\">Carrera: Historia:  04\/09\/2024<\/a><\/li>\n\n\n\n<li><a rel=\"noreferrer noopener\" href=\"https:\/\/www.facebook.com\/story.php?story_fbid=904679914998186&amp;id=100063685575697&amp;mibextid=qi2Omg\" target=\"_blank\">Carrera: Historia:  21\/02\/2024<\/a><\/li>\n\n\n\n<li><a rel=\"noreferrer noopener\" href=\"https:\/\/www.facebook.com\/story.php?story_fbid=pfbid0WWUZsqRiXXzxPhqJ1z59btzayMBx2FVnSrAKGR9tDThbZbmodUmZXZz9vQjL6dVUl&amp;id=100063685575697&amp;sfnsn=scwspmo&amp;mibextid=9R9pXO&amp;paipv=0&amp;eav=AfY_r9XK3mw5hrjKN5tyF47_tKDPjMjbR6B6CldR6bYyKfuNEGsidHxSzNOLO2pnJYg&amp;_rdr\" target=\"_blank\">Fecha: 29\/11\/2023<\/a><a rel=\"noreferrer noopener\" href=\"https:\/\/m.facebook.com\/story.php?story_fbid=pfbid0JUo1nXgMsVdEYvh6Ww91GZpc4WwLcfGbt6mGTt9ZW8rJMEeyBn5rAKobgZEhDjYil&amp;id=100063685575697&amp;sfnsn=scwspwa&amp;mibextid=9R9pXO\" target=\"_blank\"> <\/a><\/li>\n\n\n\n<li><a rel=\"noreferrer noopener\" href=\"https:\/\/m.facebook.com\/story.php?story_fbid=pfbid0R8ZHo29xZXmHSCV8MwFDDuXhLP3RezS6c2YcSsTFha2EXEV2JN6PYjNtbZtF5gRSl&amp;id=100063685575697&amp;sfnsn=scwspwa&amp;mibextid=9R9pXO\" target=\"_blank\">Carrera: Ciencia Pol\u00edtica: 02\/11\/2023<\/a><a rel=\"noreferrer noopener\" href=\"https:\/\/m.facebook.com\/story.php?story_fbid=pfbid0JUo1nXgMsVdEYvh6Ww91GZpc4WwLcfGbt6mGTt9ZW8rJMEeyBn5rAKobgZEhDjYil&amp;id=100063685575697&amp;sfnsn=scwspwa&amp;mibextid=9R9pXO\" target=\"_blank\"> <\/a><\/li>\n\n\n\n<li><a rel=\"noreferrer noopener\" href=\"https:\/\/m.facebook.com\/story.php?story_fbid=pfbid0JUo1nXgMsVdEYvh6Ww91GZpc4WwLcfGbt6mGTt9ZW8rJMEeyBn5rAKobgZEhDjYil&amp;id=100063685575697&amp;sfnsn=scwspwa&amp;mibextid=9R9pXO\" target=\"_blank\">Carrera: Ciencia Pol\u00edtica: 05\/09\/2023 <\/a><\/li>\n\n\n\n<li><a rel=\"noreferrer noopener\" href=\"https:\/\/m.facebook.com\/story.php?story_fbid=pfbid0AC85mtoNEV2HVHSocATa8xyksvmuCjzuS6G4AwWRZFBxvF3AXCPtyG9E6uJHWL43l&amp;id=100063685575697&amp;sfnsn=scwspwa&amp;mibextid=RUbZ1f\" target=\"_blank\">Carrera: Historia: Vigente desde el 2022 <\/a><\/li>\n\n\n\n<li><a rel=\"noreferrer noopener\" href=\"https:\/\/m.facebook.com\/story.php?story_fbid=pfbid0vNxAGK8S3fv4nJUSVe2esCExrNkkXb1Vihh3cgQvsvLA1vENM4MrvCcc1vEcJgszl&amp;id=100063685575697&amp;sfnsn=scwspwa&amp;mibextid=RUbZ1f\" target=\"_blank\">Carrera: Ciencia Pol\u00edtica: Fecha 22 de junio de 2023<\/a><\/li>\n\n\n\n<li><a rel=\"noreferrer noopener\" href=\"https:\/\/m.facebook.com\/story.php?story_fbid=pfbid0JjGni5yWfsEffYcPZUpS6UpsrmCQNKvx2sG467y4vXsJ7K5fhTYYHQajqWxijtL5l&amp;id=100063685575697&amp;sfnsn=scwspwa&amp;mibextid=RUbZ1f\" target=\"_blank\">Carrera: Geograf\u00eda: Fecha 15 de junio de 2023<\/a><\/li>\n\n\n\n<li><a rel=\"noreferrer noopener\" href=\"https:\/\/m.facebook.com\/story.php?story_fbid=pfbid02zgGaUK8q8fG57oBAK5STw5bYLJKe92VmtpqBzmaDPT1QUJLVRFwmE3pBzNrasg2Ml&amp;id=100063685575697&amp;sfnsn=scwspwa&amp;mibextid=RUbZ1f\" target=\"_blank\">Bibliotecario\/a: 08\/06\/23<\/a><\/li>\n\n\n\n<li><a rel=\"noreferrer noopener\" href=\"https:\/\/m.facebook.com\/story.php?story_fbid=pfbid036xV68DBDF6BDPLyRjpHEc8XoTFT9y16g3y6nTuvYGkvnnmNdDecpfp3UUZXVb5G6l&amp;id=100063685575697&amp;sfnsn=scwspwa&amp;mibextid=RUbZ1f\" target=\"_blank\">Vigente desde: 17\/03\/23<\/a><\/li>\n\n\n\n<li><a rel=\"noreferrer noopener\" href=\"https:\/\/m.facebook.com\/story.php?story_fbid=pfbid0LVGd2ZDoh4q3R9UEcZ61gtpYMCNb973UkPhfd8wbX5oJtCUPy27PtJpkLXxmMr3wl&amp;id=100063685575697&amp;sfnsn=scwspwa&amp;mibextid=RUbZ1f\" target=\"_blank\">Carrera Ciencia Pol\u00edtica: Fecha 6 de junio de 2023<\/a><\/li>\n\n\n\n<li><a rel=\"noreferrer noopener\" href=\"https:\/\/m.facebook.com\/story.php?story_fbid=pfbid027J9ECD1WGGmM8weLa8hUFrTG6UmuTvpq4o5sFJLsXTjLdL7zQitPD8eXACyCG1iSl&amp;id=100063685575697&amp;sfnsn=scwspwa&amp;mibextid=RUbZ1f\" target=\"_blank\">Carrera: Geograf\u00eda: Fecha 5 de junio de 2023<\/a><\/li>\n\n\n\n<li><a rel=\"noreferrer noopener\" href=\"https:\/\/m.facebook.com\/story.php?story_fbid=pfbid0z2v9YLoGM4UECss2Gg9jLaWvdVojETepVvv4TfcrfevszcyrKuHxfScjWERJvS3wl&amp;id=100063685575697&amp;sfnsn=scwspwa&amp;mibextid=RUbZ1f\" target=\"_blank\">Carrera: Ciencia Pol\u00edtica: Fecha 1 de junio de 2023<\/a><\/li>\n\n\n\n<li><a rel=\"noreferrer noopener\" href=\"https:\/\/m.facebook.com\/story.php?story_fbid=pfbid0vHv53ArszdyqVxBWtV2PNZjFRN1UEjZgwuW6qXLeqVPbNonnGfbjUjfXBLv7eUrNl&amp;id=100063685575697&amp;sfnsn=scwspwa&amp;mibextid=RUbZ1f\" target=\"_blank\">Carrera: Ciencia Pol\u00edtica: Fecha 31 de mayo de 2023<\/a><\/li>\n\n\n\n<li><a rel=\"noreferrer noopener\" href=\"https:\/\/m.facebook.com\/story.php?story_fbid=pfbid02BB7THpeRzSHiiQ6wKTQ7Y28SwoLTky8Cc5LNteLRKQpPVmx756TeYBWdCQyH25H7l&amp;id=100063685575697&amp;sfnsn=scwspwa&amp;mibextid=RUbZ1f\" target=\"_blank\">Carrera: Ciencia Pol\u00edtica2: Fecha 30 de mayo de 2023<\/a><\/li>\n\n\n\n<li><a href=\"https:\/\/m.facebook.com\/story.php?story_fbid=pfbid02Z8cQB8cMhtsKtZzrEaXBTxSSMz6jyjGsYhmQ3gAj8nUgytkA8kLX6UrtEsXivk2ml&amp;id=100063685575697&amp;sfnsn=scwspwa&amp;mibextid=RUbZ1f\" target=\"_blank\" rel=\"noreferrer noopener\">Carrera: Ciencia Pol\u00edtica1: Fecha 30 de mayo de 2023<\/a><\/li>\n\n\n\n<li><a rel=\"noreferrer noopener\" href=\"https:\/\/m.facebook.com\/story.php?story_fbid=pfbid0qbyedhtrHAwkrq2RFPRhgZ1xWWcMogesvv9AZ8xGkGvnu6PwzMNWU5RhwpaP4XB5l&amp;id=100063685575697&amp;sfnsn=scwspwa&amp;mibextid=RUbZ1f\" target=\"_blank\">Carrera: Ciencia Pol\u00edtica: Fecha 22 de mayo de 2023<\/a><\/li>\n\n\n\n<li><a rel=\"noreferrer noopener\" href=\"https:\/\/m.facebook.com\/story.php?story_fbid=pfbid02cZNDvDzZudAk4a535qqhgiiUwN6MLiUESfnvmEMcSYZc5tbQ12hHoy5i7dsJptvDl&amp;id=100063685575697&amp;sfnsn=scwspmo&amp;mibextid=RUbZ1f\" target=\"_blank\">Carrera: Ciencia Pol\u00edtica: Fecha 17 de mayo de 2023<\/a><\/li>\n\n\n\n<li><a rel=\"noreferrer noopener\" href=\"https:\/\/m.facebook.com\/story.php?story_fbid=pfbid02TrV7AeNmBDq2vP5VyvtjZsFYDZZn2yLAHCyKpYmbk7xxRX2ayhsCpzMVJ9K57Xyal&amp;id=100063685575697&amp;sfnsn=scwspmo&amp;mibextid=RUbZ1f\" data-type=\"URL\" data-id=\"https:\/\/m.facebook.com\/story.php?story_fbid=pfbid02TrV7AeNmBDq2vP5VyvtjZsFYDZZn2yLAHCyKpYmbk7xxRX2ayhsCpzMVJ9K57Xyal&amp;id=100063685575697&amp;sfnsn=scwspmo&amp;mibextid=RUbZ1f\" target=\"_blank\">Bibliotecario: Vigente desde 09\/09\/22<\/a><\/li>\n\n\n\n<li><a rel=\"noreferrer noopener\" href=\"https:\/\/m.facebook.com\/story.php?story_fbid=pfbid0B326FTnTDQdcA6hKmi4EJDmbZ27DRBUUDNELXWv4gf2hhJ71uui86UQJUK8o9Ci6l&amp;id=100063685575697&amp;sfnsn=scwspwa&amp;mibextid=RUbZ1f\" target=\"_blank\">Carrera: Historia: Fecha 09 de mayo de 2023<\/a><\/li>\n\n\n\n<li><a rel=\"noreferrer noopener\" href=\"https:\/\/docs.google.com\/document\/d\/1Gh3BfnPNGYaohuEf5Sz2sWSDl12iT8n_MTolPfeygAE\/edit?usp=sharing\" target=\"_blank\">Carrera: Historia: Fecha 25 de abril de 2023<\/a><\/li>\n\n\n\n<li><a rel=\"noreferrer noopener\" href=\"https:\/\/m.facebook.com\/story.php?story_fbid=pfbid027JmeeNbi6w7eicJKCqD7ZPruHovitSi1ujt2Q4X3dVJVSVZogjzxPijEe4FiaoC1l&amp;id=100064798893969&amp;sfnsn=scwspmo&amp;mibextid=VhDh1V\" target=\"_blank\">Fecha: 18\/04\/23<\/a><\/li>\n\n\n\n<li><a rel=\"noreferrer noopener\" href=\"https:\/\/m.facebook.com\/story.php?story_fbid=pfbid02AaLuXjnqXaJzFuSbSF2ro6JiiGvuvVPD8GG2aAjij8AC1DC6esg8RhmGrjMaWGEpl&amp;id=100064798893969&amp;sfnsn=scwspwa&amp;mibextid=RUbZ1f\" target=\"_blank\">Vigente desde: 18\/10\/21<\/a><\/li>\n\n\n\n<li><a rel=\"noreferrer noopener\" href=\"https:\/\/m.facebook.com\/story.php?story_fbid=pfbid0JyXGzMmbdA4pnTtManj6myJwaTpbcjAdCmxYWWWUiiksQvbPRRdhcjqEhsLBwQ44l&amp;id=100064798893969&amp;sfnsn=scwspmo&amp;mibextid=RUbZ1f\" target=\"_blank\">Carrera: Geograf\u00eda y Preceptor: 06\/03\/23<\/a><\/li>\n\n\n\n<li><a rel=\"noreferrer noopener\" href=\"https:\/\/m.facebook.com\/story.php?story_fbid=pfbid0dCg3vSud18b5c2tT2CdxoQ3qJNRa6uo8vw31z7394x2AxsraXEetENMdDKD4rNv6l&amp;id=100064798893969&amp;sfnsn=scwspmo&amp;mibextid=RUbZ1f\" target=\"_blank\">Preceptor: Vigente desde: 30\/05\/22<\/a><\/li>\n\n\n\n<li><a rel=\"noreferrer noopener\" href=\"https:\/\/m.facebook.com\/story.php?story_fbid=pfbid02xTZfXSQNKrw7WbSp8vu4fYSwsJVFrGXfKqr8qWXttevV75iKQpxiSUiLQRa41HFDl&amp;id=100064798893969&amp;sfnsn=scwspwa&amp;mibextid=RUbZ1f\" target=\"_blank\">Bibliotecaria: Vigente desde: 09\/09\/22<\/a><\/li>\n\n\n\n<li><a rel=\"noreferrer noopener\" href=\"https:\/\/m.facebook.com\/story.php?story_fbid=pfbid02y4QGe6AUUkEhnEczp5ReV45vNjgpav4Np7KFdWHanwyjjYyPn5TDYucthJYzzK7Kl&amp;id=100064798893969&amp;sfnsn=scwspmo&amp;mibextid=RUbZ1f\" target=\"_blank\">Carrera: Historia: Fecha 28 de febrero de 2023<\/a><\/li>\n\n\n\n<li><a rel=\"noreferrer noopener\" href=\"https:\/\/docs.google.com\/document\/d\/1CIwKuhYY6-IsrBnkSUaBj1Mq3OpxUyzz6djasdMYHZk\/edit?usp=sharing\" target=\"_blank\">Carrera: Historia: Fecha 12 de diciembre de 2022<\/a><\/li>\n\n\n\n<li><a rel=\"noreferrer noopener\" href=\"https:\/\/docs.google.com\/document\/d\/1pKRgqRky8qth9Rv7EBXdYlCvUW8OCcgBtpSrRI8duZg\/edit?usp=sharing\" target=\"_blank\">Carrera: Historia: Fecha 29 de noviembre de 2022<\/a><\/li>\n\n\n\n<li><a rel=\"noreferrer noopener\" href=\"https:\/\/docs.google.com\/document\/d\/12Ac5rpsPM9B_IDpGhFvlzQT5YKSnJjaNnhNarvom4DY\/edit?usp=sharing\" target=\"_blank\">Carrera: Historia: Fecha 23 de noviembre de 2022<\/a><\/li>\n\n\n\n<li><a rel=\"noreferrer noopener\" href=\"https:\/\/docs.google.com\/document\/d\/1yZ2humht1Xu5jDeN7XXlMP2f1o-2IUanZSgqm2GwE34\/edit?usp=sharing\" target=\"_blank\">Carrera: Ciencia Pol\u00edtica y Geograf\u00eda : Fecha 23 de noviembre de 2022<\/a><\/li>\n\n\n\n<li><a rel=\"noreferrer noopener\" href=\"https:\/\/docs.google.com\/document\/d\/1Hd_NGVSvz7y7ndYN6_ZtlmW3SEXIjaFY7RLi6Ntaw_E\/edit?usp=sharing\" target=\"_blank\">Carrera: Geograf\u00eda : Fecha 8 de agosto de 2022<\/a><\/li>\n\n\n\n<li><a rel=\"noreferrer noopener\" href=\"https:\/\/docs.google.com\/document\/d\/1aY2UMDJw8EJ1rPwo6C0p3tVkULBdR6_3-AQEnLBxzus\/edit?usp=sharing\" target=\"_blank\">Carrera: Historia: Fecha 26 de julio de 2022<\/a><\/li>\n\n\n\n<li><a rel=\"noreferrer noopener\" href=\"https:\/\/docs.google.com\/document\/d\/1aX005JlHrrFL-V0SJPyeICZ8KKlTU_YhOFLnjJWFcHY\/edit?usp=sharing\" target=\"_blank\">Carrera: Historia: Fecha 15 de marzo de 2022<\/a><\/li>\n\n\n\n<li><a rel=\"noreferrer noopener\" href=\"https:\/\/docs.google.com\/document\/d\/1G-czLOK2fw2Ni8hzptowIvgnvpXGlfviugCMYOAG2ks\/edit?usp=sharing\" target=\"_blank\">Carrera: Ciencia Pol\u00edtica: Fecha 5 de julio de 2022<\/a><\/li>\n\n\n\n<li><a rel=\"noreferrer noopener\" href=\"https:\/\/docs.google.com\/document\/d\/1W_7pHEFaGEroG6CfbMigt4qLkqQSFhY8kz_izD58oB0\/edit?usp=sharing\" target=\"_blank\">Carrera: Ciencia Pol\u00edtica: Fecha 30 de junio de 2022<\/a><\/li>\n\n\n\n<li><a rel=\"noreferrer noopener\" href=\"https:\/\/docs.google.com\/document\/d\/1XQ33n8IH_Rb_neXRIj4SqqUunByBf75KFjymPN3v5aw\/edit?usp=sharing\" target=\"_blank\">Carrera: Ciencia Pol\u00edtica: Fecha 24 de junio de 2022<\/a><\/li>\n\n\n\n<li><a rel=\"noreferrer noopener\" href=\"https:\/\/docs.google.com\/document\/d\/1E5MEbSXFRLXcGHMl5VUaaBmUWgmq8NJTLD-CNbIOzLM\/edit?usp=sharing\" target=\"_blank\">Carrera: Ciencia Pol\u00edtica &#8211; Espacio Curricular: Opini\u00f3n P\u00fablica y Medios de Comunicaci\u00f3n \/ Espacio Curricular: Pr\u00e1ctica Profesional Docente IV<\/a><\/li>\n\n\n\n<li><a rel=\"noreferrer noopener\" href=\"https:\/\/docs.google.com\/document\/d\/10YsEBzbHB2CF0-l2jOjfc4QgbfAzJFKgxwkC9kAtPaM\/edit?usp=sharing\" target=\"_blank\">Preceptor de Instituto Superior<\/a><\/li>\n\n\n\n<li><a rel=\"noreferrer noopener\" href=\"https:\/\/docs.google.com\/document\/d\/1IGDCyD8ukJ6Cmw0kaResARBHdzfmZ8RfVFMvz7TlQBk\/edit?usp=sharing\" target=\"_blank\">Carrera: Historia &#8211; Corporeidad, Juegos y Lenguajes Art\u00edsticos <\/a><\/li>\n\n\n\n<li><a rel=\"noreferrer noopener\" href=\"https:\/\/docs.google.com\/document\/d\/1xz6eyQDG_70FUXzRTwjRWLpQ5OKy7ZdbvtW3U8apb5U\/edit?usp=sharing\" target=\"_blank\">Carrera: Historia &#8211; Oralidad, Lectura, Escritura y TIC<\/a><\/li>\n\n\n\n<li><a rel=\"noreferrer noopener\" href=\"https:\/\/docs.google.com\/document\/d\/1UC6XEeZfCkyWKossbVOyYhJEZqRMRBl5xEA0iXdttmY\/edit?usp=sharing\" target=\"_blank\">Carrera: Ciencia Pol\u00edtica &#8211; Espacio Curricular Procesos Hist\u00f3ricos Contempor\u00e1neos<\/a><\/li>\n\n\n\n<li><a rel=\"noreferrer noopener\" href=\"https:\/\/docs.google.com\/document\/d\/1NhVbpqTLwR64raNgMV9ectZBOWA3iSY8Vuw1CL8pJqE\/edit?usp=sharing\" target=\"_blank\">Carreras: Geograf\u00eda, Ciencia Pol\u00edtica e Historia <\/a><\/li>\n\n\n\n<li><a rel=\"noreferrer noopener\" href=\"https:\/\/docs.google.com\/document\/d\/1e8G8-beVEcbv-VB3zwA_5zkGHHPVt5XACQjrWVP22AI\/edit?usp=sharing\" target=\"_blank\">Carrera: Geograf\u00eda &#8211; Espacio Curricular: Naturaleza y Sociedad II &#8211; Fecha: 21 de abril de 2022<\/a><\/li>\n<\/ul>\n\n\n\n<p><\/p>\n","protected":false},"excerpt":{"rendered":"","protected":false},"author":37,"featured_media":0,"parent":0,"menu_order":0,"comment_status":"closed","ping_status":"closed","template":"","meta":[],"acf":[],"_links":{"self":[{"href":"https:\/\/iscsconcordia-ers.infd.edu.ar\/sitio\/wp-json\/wp\/v2\/pages\/2139"}],"collection":[{"href":"https:\/\/iscsconcordia-ers.infd.edu.ar\/sitio\/wp-json\/wp\/v2\/pages"}],"about":[{"href":"https:\/\/iscsconcordia-ers.infd.edu.ar\/sitio\/wp-json\/wp\/v2\/types\/page"}],"author":[{"embeddable":true,"href":"https:\/\/iscsconcordia-ers.infd.edu.ar\/sitio\/wp-json\/wp\/v2\/users\/37"}],"replies":[{"embeddable":true,"href":"https:\/\/iscsconcordia-ers.infd.edu.ar\/sitio\/wp-json\/wp\/v2\/comments?post=2139"}],"version-history":[{"count":65,"href":"https:\/\/iscsconcordia-ers.infd.edu.ar\/sitio\/wp-json\/wp\/v2\/pages\/2139\/revisions"}],"predecessor-version":[{"id":6853,"href":"https:\/\/iscsconcordia-ers.infd.edu.ar\/sitio\/wp-json\/wp\/v2\/pages\/2139\/revisions\/6853"}],"wp:attachment":[{"href":"https:\/\/iscsconcordia-ers.infd.edu.ar\/sitio\/wp-json\/wp\/v2\/media?parent=2139"}],"curies":[{"name":"wp","href":"https:\/\/api.w.org\/{rel}","templated":true}]}}