{"id":1504,"date":"2021-02-18T12:59:14","date_gmt":"2021-02-18T15:59:14","guid":{"rendered":"https:\/\/iscsconcordia-ers.infd.edu.ar\/sitio\/?page_id=1504"},"modified":"2022-05-13T20:42:49","modified_gmt":"2022-05-13T23:42:49","slug":"olvide-como-ingresar-la-campus","status":"publish","type":"page","link":"https:\/\/iscsconcordia-ers.infd.edu.ar\/sitio\/olvide-como-ingresar-la-campus\/","title":{"rendered":"C\u00f3mo recuperar la contrase\u00f1a"},"content":{"rendered":"\n<figure class=\"wp-block-embed is-type-video is-provider-youtube wp-block-embed-youtube wp-embed-aspect-16-9 wp-has-aspect-ratio\"><div class=\"wp-block-embed__wrapper\">\n<iframe loading=\"lazy\" title=\"C\u00f3mo recuperar datos acceso\" width=\"1200\" height=\"675\" src=\"https:\/\/www.youtube.com\/embed\/lus7-3WPKJw?feature=oembed\" frameborder=\"0\" allow=\"accelerometer; autoplay; clipboard-write; encrypted-media; gyroscope; picture-in-picture\" allowfullscreen><\/iframe>\n<\/div><\/figure>\n\n\n<p><img decoding=\"async\" loading=\"lazy\" class=\"alignnone size-medium wp-image-1505\" src=\"https:\/\/iscsconcordia-ers.infd.edu.ar\/sitio\/wp-content\/uploads\/2021\/02\/Screenshot_11-1000x470.png\" alt=\"\" width=\"1000\" height=\"470\" srcset=\"https:\/\/iscsconcordia-ers.infd.edu.ar\/sitio\/wp-content\/uploads\/2021\/02\/Screenshot_11-1000x470.png 1000w, https:\/\/iscsconcordia-ers.infd.edu.ar\/sitio\/wp-content\/uploads\/2021\/02\/Screenshot_11-768x361.png 768w, https:\/\/iscsconcordia-ers.infd.edu.ar\/sitio\/wp-content\/uploads\/2021\/02\/Screenshot_11.png 1723w\" sizes=\"(max-width: 1000px) 100vw, 1000px\" \/><\/p>\n<p>Si olvid\u00f3 el usuario y contrase\u00f1a deber\u00e1 seleccionar OLVIDASTE TUS DATOS y all\u00ed completar el correo\u00a0 para recibir nuevamente el acceso.<\/p>\n<p>Si sigue teniendo dificultades para ingresar comun\u00edquese con el Referente T\u00e9cnico Institucional al mail:\u00a0<strong>ac.alecamara@gmail.com<\/strong><\/p>","protected":false},"excerpt":{"rendered":"<p>Si olvid\u00f3 el usuario y contrase\u00f1a deber\u00e1 seleccionar OLVIDASTE TUS DATOS y all\u00ed completar el correo\u00a0 para recibir nuevamente el acceso. Si sigue teniendo dificultades para ingresar comun\u00edquese con el Referente T\u00e9cnico Institucional al mail:\u00a0ac.alecamara@gmail.com<\/p>\n","protected":false},"author":331,"featured_media":0,"parent":0,"menu_order":0,"comment_status":"closed","ping_status":"closed","template":"","meta":[],"acf":[],"_links":{"self":[{"href":"https:\/\/iscsconcordia-ers.infd.edu.ar\/sitio\/wp-json\/wp\/v2\/pages\/1504"}],"collection":[{"href":"https:\/\/iscsconcordia-ers.infd.edu.ar\/sitio\/wp-json\/wp\/v2\/pages"}],"about":[{"href":"https:\/\/iscsconcordia-ers.infd.edu.ar\/sitio\/wp-json\/wp\/v2\/types\/page"}],"author":[{"embeddable":true,"href":"https:\/\/iscsconcordia-ers.infd.edu.ar\/sitio\/wp-json\/wp\/v2\/users\/331"}],"replies":[{"embeddable":true,"href":"https:\/\/iscsconcordia-ers.infd.edu.ar\/sitio\/wp-json\/wp\/v2\/comments?post=1504"}],"version-history":[{"count":3,"href":"https:\/\/iscsconcordia-ers.infd.edu.ar\/sitio\/wp-json\/wp\/v2\/pages\/1504\/revisions"}],"predecessor-version":[{"id":2250,"href":"https:\/\/iscsconcordia-ers.infd.edu.ar\/sitio\/wp-json\/wp\/v2\/pages\/1504\/revisions\/2250"}],"wp:attachment":[{"href":"https:\/\/iscsconcordia-ers.infd.edu.ar\/sitio\/wp-json\/wp\/v2\/media?parent=1504"}],"curies":[{"name":"wp","href":"https:\/\/api.w.org\/{rel}","templated":true}]}}