{"id":1110,"date":"2019-03-04T13:33:56","date_gmt":"2019-03-04T16:33:56","guid":{"rendered":"https:\/\/iscsconcordia-ers.infd.edu.ar\/sitio\/?page_id=1110"},"modified":"2019-11-28T13:44:44","modified_gmt":"2019-11-28T16:44:44","slug":"planificaciones-y-programas-geografia-2019","status":"publish","type":"page","link":"https:\/\/iscsconcordia-ers.infd.edu.ar\/sitio\/planificaciones-y-programas-geografia-2019\/","title":{"rendered":"Planificaciones y programas Geograf\u00eda 2019"},"content":{"rendered":"<p>1\u00b01\u00b0 Geograf\u00eda<\/p>\n<style type=\"text\/css\"><!--td {border: 1px solid #ccc;}br {mso-data-placement:same-cell;}--><\/style>\n<table dir=\"ltr\" border=\"1\" cellspacing=\"0\" cellpadding=\"0\">\n<colgroup>\n<col width=\"84\" \/>\n<col width=\"148\" \/><\/colgroup>\n<tbody>\n<tr>\n<td><\/td>\n<td data-sheets-value=\"{&quot;1&quot;:2,&quot;2&quot;:&quot;Paisaje geogr\u00e1ficos mundiales&quot;}\"><a href=\"https:\/\/iscsconcordia-ers.infd.edu.ar\/sitio\/wp-content\/uploads\/2019\/05\/Paisajes-Geogr\u00e1ficos-Mundiales-1\u00b0-A\u00f1o-Geograf\u00eda-2019-P.de-C\u00e1tedra.docx\">Paisajes Geogr\u00e1ficos Mundiales<\/a>\u00a0 \/<a href=\"https:\/\/iscsconcordia-ers.infd.edu.ar\/sitio\/wp-content\/uploads\/2019\/11\/GEO-1-Paisajes-Geogr\u00e1ficos-Mundiales.pdf\">Programa Paisajes G. Mundiales<\/a><\/td>\n<\/tr>\n<tr>\n<td><\/td>\n<td data-sheets-value=\"{&quot;1&quot;:2,&quot;2&quot;:&quot;Geograf\u00eda de Entre R\u00edos&quot;}\"><a href=\"https:\/\/iscsconcordia-ers.infd.edu.ar\/sitio\/wp-content\/uploads\/2019\/11\/Programa-Entre-Rios.docx\">Geograf\u00eda de Entre R\u00edos<\/a><\/td>\n<\/tr>\n<tr>\n<td><\/td>\n<td data-sheets-value=\"{&quot;1&quot;:2,&quot;2&quot;:&quot;Pedagog\u00eda&quot;}\">Pedagog\u00eda<\/td>\n<\/tr>\n<tr>\n<td data-sheets-value=\"{&quot;1&quot;:2,&quot;2&quot;:&quot;TALLER&quot;}\">TALLER<\/td>\n<td data-sheets-value=\"{&quot;1&quot;:2,&quot;2&quot;:&quot;Corporeidad juegos y lenguajes&quot;}\">Corporeidad juegos y lenguajes<\/td>\n<\/tr>\n<tr>\n<td><\/td>\n<td data-sheets-value=\"{&quot;1&quot;:2,&quot;2&quot;:&quot;Sociedad y naturaleza&quot;}\"><a href=\"https:\/\/iscsconcordia-ers.infd.edu.ar\/sitio\/wp-content\/uploads\/2019\/11\/Programa-2019-Naturaleza-y-sociedad-I-Pontnau.docx\">Naturaleza y Sociedad I<\/a><\/td>\n<\/tr>\n<tr>\n<td><\/td>\n<td data-sheets-value=\"{&quot;1&quot;:2,&quot;2&quot;:&quot;Did\u00e1ctica General&quot;}\">Did\u00e1ctica General<\/td>\n<\/tr>\n<tr>\n<td><\/td>\n<td data-sheets-value=\"{&quot;1&quot;:2,&quot;2&quot;:&quot;Espacios urbanos y rurales&quot;}\"><a href=\"https:\/\/iscsconcordia-ers.infd.edu.ar\/sitio\/wp-content\/uploads\/2019\/05\/Espacios-Urbanos-y-Rurales-en-el-Mundo-Contempor\u00e1neo-1\u00b0-A\u00f1o-Geograf\u00eda-.-2019.docx\">Espacios Urbanos y Rurales en el Mundo Contempor\u00e1neo\u00a0\u00a0<\/a>\u00a0\u00a0<a href=\"https:\/\/iscsconcordia-ers.infd.edu.ar\/sitio\/wp-content\/uploads\/2019\/11\/GEO-1-Espacios-Urbanos-y-Rurales-en-el-Mundo-Contempor\u00e1neo.pdf\">PROGRAMA<\/a><\/td>\n<\/tr>\n<tr>\n<td data-sheets-value=\"{&quot;1&quot;:2,&quot;2&quot;:&quot;TALLER&quot;}\">TALLER<\/td>\n<td data-sheets-value=\"{&quot;1&quot;:2,&quot;2&quot;:&quot;Tec. Rep. Cartogr\u00e1fica&quot;}\"><a href=\"https:\/\/iscsconcordia-ers.infd.edu.ar\/sitio\/wp-content\/uploads\/2019\/11\/Tecnica-de-representaci\u00f3n-cartografica-Pontnau-2019.docx\">Tec. Rep. Cartogr\u00e1fica<\/a><\/td>\n<\/tr>\n<tr>\n<td data-sheets-value=\"{&quot;1&quot;:2,&quot;2&quot;:&quot;TALLER&quot;}\">TALLER<\/td>\n<td data-sheets-value=\"{&quot;1&quot;:2,&quot;2&quot;:&quot;Pr\u00e1ctica docente I&quot;}\">Pr\u00e1ctica docente I<\/td>\n<\/tr>\n<tr>\n<td data-sheets-value=\"{&quot;1&quot;:2,&quot;2&quot;:&quot;TALLER&quot;}\">TALLER<\/td>\n<td data-sheets-value=\"{&quot;1&quot;:2,&quot;2&quot;:&quot;Taller OLE y TIC&quot;}\">Taller OLE y TIC<\/td>\n<\/tr>\n<\/tbody>\n<\/table>\n<p>1\u00b02\u00b0 Geograf\u00eda<\/p>\n<style type=\"text\/css\"><!--td {border: 1px solid #ccc;}br {mso-data-placement:same-cell;}--><\/style>\n<table dir=\"ltr\" border=\"1\" cellspacing=\"0\" cellpadding=\"0\">\n<colgroup>\n<col width=\"84\" \/>\n<col width=\"148\" \/><\/colgroup>\n<tbody>\n<tr>\n<td><\/td>\n<td data-sheets-value=\"{&quot;1&quot;:2,&quot;2&quot;:&quot;Paisaje geogr\u00e1ficos mundiales&quot;}\">Paisaje geogr\u00e1ficos mundiales<\/td>\n<\/tr>\n<tr>\n<td><\/td>\n<td data-sheets-value=\"{&quot;1&quot;:2,&quot;2&quot;:&quot;Geograf\u00eda de Entre R\u00edos&quot;}\"><a href=\"https:\/\/iscsconcordia-ers.infd.edu.ar\/sitio\/wp-content\/uploads\/2019\/11\/PROGRAMA-2019-Geo-de-Entre-R\u00edos-Pontnau.docx\">Geograf\u00eda de Entre R\u00edos<\/a><\/td>\n<\/tr>\n<tr>\n<td><\/td>\n<td data-sheets-value=\"{&quot;1&quot;:2,&quot;2&quot;:&quot;Pedagog\u00eda&quot;}\">Pedagog\u00eda<\/td>\n<\/tr>\n<tr>\n<td data-sheets-value=\"{&quot;1&quot;:2,&quot;2&quot;:&quot;TALLER&quot;}\">TALLER<\/td>\n<td data-sheets-value=\"{&quot;1&quot;:2,&quot;2&quot;:&quot;Corporeidad juegos y lenguajes&quot;}\">Corporeidad juegos y lenguajes<\/td>\n<\/tr>\n<tr>\n<td><\/td>\n<td data-sheets-value=\"{&quot;1&quot;:2,&quot;2&quot;:&quot;Sociedad y naturaleza&quot;}\">Naturaleza y Sociedad I<\/td>\n<\/tr>\n<tr>\n<td><\/td>\n<td data-sheets-value=\"{&quot;1&quot;:2,&quot;2&quot;:&quot;Did\u00e1ctica General&quot;}\">Did\u00e1ctica General<\/td>\n<\/tr>\n<tr>\n<td><\/td>\n<td data-sheets-value=\"{&quot;1&quot;:2,&quot;2&quot;:&quot;Espacios urbanos y rurales&quot;}\">Espacios urbanos y rurales<\/td>\n<\/tr>\n<tr>\n<td data-sheets-value=\"{&quot;1&quot;:2,&quot;2&quot;:&quot;TALLER&quot;}\">TALLER<\/td>\n<td data-sheets-value=\"{&quot;1&quot;:2,&quot;2&quot;:&quot;Tec. Rep. Cartogr\u00e1fica&quot;}\"><a href=\"https:\/\/iscsconcordia-ers.infd.edu.ar\/sitio\/wp-content\/uploads\/2019\/11\/Tecnica-de-representaci\u00f3n-cartografica-Pontnau-2019.docx\">Tec. Rep. Cartogr\u00e1fica<\/a><\/td>\n<\/tr>\n<tr>\n<td data-sheets-value=\"{&quot;1&quot;:2,&quot;2&quot;:&quot;TALLER&quot;}\">TALLER<\/td>\n<td data-sheets-value=\"{&quot;1&quot;:2,&quot;2&quot;:&quot;Pr\u00e1ctica docente I&quot;}\">Pr\u00e1ctica docente I<\/td>\n<\/tr>\n<tr>\n<td data-sheets-value=\"{&quot;1&quot;:2,&quot;2&quot;:&quot;TALLER&quot;}\">TALLER<\/td>\n<td data-sheets-value=\"{&quot;1&quot;:2,&quot;2&quot;:&quot;Taller OLE y TIC&quot;}\">Taller OLE y TIC<\/td>\n<\/tr>\n<\/tbody>\n<\/table>\n<p>2\u00b0 Geograf\u00eda<\/p>\n<style type=\"text\/css\"><!--td {border: 1px solid #ccc;}br {mso-data-placement:same-cell;}--><\/style>\n<table dir=\"ltr\" border=\"1\" cellspacing=\"0\" cellpadding=\"0\">\n<colgroup>\n<col width=\"148\" \/><\/colgroup>\n<tbody>\n<tr>\n<td data-sheets-value=\"{&quot;1&quot;:2,&quot;2&quot;:&quot;Educaci\u00f3n sexual integral&quot;}\"><a href=\"https:\/\/iscsconcordia-ers.infd.edu.ar\/sitio\/wp-content\/uploads\/2019\/05\/OCHOA.ESI_Sociales2019.docx\">Educaci\u00f3n sexual integral<\/a><\/td>\n<\/tr>\n<tr>\n<td data-sheets-value=\"{&quot;1&quot;:2,&quot;2&quot;:&quot;Psicolog\u00eda Educ.&quot;}\">Psicolog\u00eda Educ.<\/td>\n<\/tr>\n<tr>\n<td data-sheets-value=\"{&quot;1&quot;:2,&quot;2&quot;:&quot;Sujeto de la educ. Secundaria&quot;}\"><a href=\"https:\/\/iscsconcordia-ers.infd.edu.ar\/sitio\/wp-content\/uploads\/2019\/05\/Proyecto-Sujeto-de-la-Educ-Secun-2019.docx\">Sujeto de la Educaci\u00f3n Secundaria<\/a><\/td>\n<\/tr>\n<tr>\n<td data-sheets-value=\"{&quot;1&quot;:2,&quot;2&quot;:&quot;Did\u00e1ctica de las Ciencias Sociales&quot;}\">Did\u00e1ctica de las Ciencias Sociales<\/td>\n<\/tr>\n<tr>\n<td data-sheets-value=\"{&quot;1&quot;:2,&quot;2&quot;:&quot;Org. Del espacio geogr\u00e1fico Americano&quot;}\"><a href=\"https:\/\/iscsconcordia-ers.infd.edu.ar\/sitio\/wp-content\/uploads\/2019\/05\/Segundo-a\u00f1o-Geograf\u00eda-Organizaci\u00f3n-del-Espacio-Geografico-Americano-2019-P.de-C\u00e1tedra.docx\">Organizaci\u00f3n del Espacio Geografico Americano<\/a>\u00a0 \u00a0 \u00a0<a href=\"https:\/\/iscsconcordia-ers.infd.edu.ar\/sitio\/wp-content\/uploads\/2019\/11\/GEO-2-Organizaci\u00f3n-del-Espacio-Geogr\u00e1fico-Americano.pdf\">Programa Org. del Espacio Geogr\u00e1fico Americano<\/a><\/td>\n<\/tr>\n<tr>\n<td data-sheets-value=\"{&quot;1&quot;:2,&quot;2&quot;:&quot;Pr\u00e1ctica docente&quot;}\">Pr\u00e1ctica docente<\/td>\n<\/tr>\n<tr>\n<td data-sheets-value=\"{&quot;1&quot;:2,&quot;2&quot;:&quot;Sistemas urbanos rurales y arg.&quot;}\">Sistemas urbanos rurales y arg.<\/td>\n<\/tr>\n<tr>\n<td data-sheets-value=\"{&quot;1&quot;:2,&quot;2&quot;:&quot;Turismo y desarrollo&quot;}\">Turismo y desarrollo<\/td>\n<\/tr>\n<tr>\n<td data-sheets-value=\"{&quot;1&quot;:2,&quot;2&quot;:&quot;Historia pol\u00edtica, social arg. Y latinoamericana&quot;}\"><a href=\"https:\/\/iscsconcordia-ers.infd.edu.ar\/sitio\/wp-content\/uploads\/2019\/11\/\u2461-Geo_-Historia-Social-y-Pol\u00edtica-Argentina-y-Latinoamericana-2019-Planificai\u00f3n_-Borche-Ciraudo.docx\">Historia pol\u00edtica, social arg. Y latinoamericana<\/a><\/td>\n<\/tr>\n<tr>\n<td data-sheets-value=\"{&quot;1&quot;:2,&quot;2&quot;:&quot;Filosof\u00eda&quot;}\">Filosof\u00eda<\/td>\n<\/tr>\n<\/tbody>\n<\/table>\n<p>3\u00b0 Geograf\u00eda<\/p>\n<style type=\"text\/css\"><!--td {border: 1px solid #ccc;}br {mso-data-placement:same-cell;}--><\/style>\n<table dir=\"ltr\" border=\"1\" cellspacing=\"0\" cellpadding=\"0\">\n<colgroup>\n<col width=\"148\" \/><\/colgroup>\n<tbody>\n<tr>\n<td data-sheets-value=\"{&quot;1&quot;:2,&quot;2&quot;:&quot;Epistemolog\u00eca de la geograf\u00eca&quot;}\"><a href=\"https:\/\/iscsconcordia-ers.infd.edu.ar\/sitio\/wp-content\/uploads\/2019\/11\/proyecto-de-c\u00e1tedra-2019-epistemolog\u00eda-de-la-geograf\u00eda-Pontnau.docx\">Epistemolog\u00eda de la geograf\u00eda<\/a><\/td>\n<\/tr>\n<tr>\n<td data-sheets-value=\"{&quot;1&quot;:2,&quot;2&quot;:&quot;Sociolog\u00eca Educ.&quot;}\">Sociolog\u00eda Educ.<\/td>\n<\/tr>\n<tr>\n<td data-sheets-value=\"{&quot;1&quot;:2,&quot;2&quot;:&quot;Pr\u00e0ctica III&quot;}\">Pr\u00e1ctica III<\/td>\n<\/tr>\n<tr>\n<td data-sheets-value=\"{&quot;1&quot;:2,&quot;2&quot;:&quot;UDI&quot;}\">UDI<\/td>\n<\/tr>\n<tr>\n<td data-sheets-value=\"{&quot;1&quot;:2,&quot;2&quot;:&quot;Organizaci\u00f2n esp. Geo. Arg.&quot;}\">Organizaci\u00f2n esp. Geo. Argentino<\/td>\n<\/tr>\n<tr>\n<td data-sheets-value=\"{&quot;1&quot;:2,&quot;2&quot;:&quot;Did\u00e0ctica de la geograf\u00eca&quot;}\">Did\u00e0ctica de la geograf\u00eca<\/td>\n<\/tr>\n<tr>\n<td data-sheets-value=\"{&quot;1&quot;:2,&quot;2&quot;:&quot;An\u00e0lisis y org. de las instituciones escolares&quot;}\"><a href=\"https:\/\/iscsconcordia-ers.infd.edu.ar\/sitio\/wp-content\/uploads\/2019\/11\/GEO-3-An\u00e1lisis-y-Organizaci\u00f3n-de-las-Instituciones-Educativas..pdf\">An\u00e1lisis y org. de las instituciones escolares<\/a><\/td>\n<\/tr>\n<tr>\n<td data-sheets-value=\"{&quot;1&quot;:2,&quot;2&quot;:&quot;Historia de la educ. Arg&quot;}\">Historia de la educ. Arg<\/td>\n<\/tr>\n<tr>\n<td data-sheets-value=\"{&quot;1&quot;:2,&quot;2&quot;:&quot;Naturaleza y Sociedad II&quot;}\">Naturaleza y Sociedad II<\/td>\n<\/tr>\n<\/tbody>\n<\/table>\n<p>4\u00b0 Geograf\u00eda<\/p>\n<style type=\"text\/css\"><!--td {border: 1px solid #ccc;}br {mso-data-placement:same-cell;}--><\/style>\n<table dir=\"ltr\" style=\"height: 376px;\" border=\"1\" width=\"642\" cellspacing=\"0\" cellpadding=\"0\">\n<colgroup>\n<col width=\"148\" \/><\/colgroup>\n<tbody>\n<tr>\n<td data-sheets-value=\"{&quot;1&quot;:2,&quot;2&quot;:&quot;Geo. Econom\u00ecca&quot;}\">Geo. Econ\u00f3mica<\/td>\n<\/tr>\n<tr>\n<td data-sheets-value=\"{&quot;1&quot;:2,&quot;2&quot;:&quot;Geotecnolog\u00eca&quot;}\">Geotecnolog\u00eda<\/td>\n<\/tr>\n<tr>\n<td data-sheets-value=\"{&quot;1&quot;:2,&quot;2&quot;:&quot;UDI pol\u00ectica&quot;}\">UDI pol\u00ectica<\/td>\n<\/tr>\n<tr>\n<td data-sheets-value=\"{&quot;1&quot;:2,&quot;2&quot;:&quot;Derechos Humanos&quot;}\"><a href=\"https:\/\/iscsconcordia-ers.infd.edu.ar\/sitio\/wp-content\/uploads\/2019\/04\/planificaci\u00f3n-DERECHOS-HUMANOS-1.docx\">DERECHOS H\u00a0<\/a><a style=\"font-family: inherit; font-size: inherit;\" href=\"https:\/\/iscsconcordia-ers.infd.edu.ar\/sitio\/wp-content\/uploads\/2019\/04\/planificaci\u00f3n-DERECHOS-HUMANOS-1.docx\">UMANOS<\/a>\u00a0 \u00a0 \u00a0 \u00a0 <a href=\"https:\/\/iscsconcordia-ers.infd.edu.ar\/sitio\/wp-content\/uploads\/2019\/11\/GEO-4-DD.-HH.pdf\">PROGRAMA DDHH<\/a><a href=\"https:\/\/iscsconcordia-ers.infd.edu.ar\/sitio\/wp-content\/uploads\/2019\/04\/planificaci\u00f3n-DERECHOS-HUMANOS-1.docx\"><br \/>\n<\/a><\/td>\n<\/tr>\n<tr>\n<td data-sheets-value=\"{&quot;1&quot;:2,&quot;2&quot;:&quot;Culturas y problem\u00e0ticas ambientales&quot;}\"><a href=\"https:\/\/iscsconcordia-ers.infd.edu.ar\/sitio\/wp-content\/uploads\/2019\/05\/Culturas-y-Problem\u00e1ticas-Ambientales-.-Geograf\u00eda.-4\u00b0-A\u00f1o-2019.P.De-C\u00e1tedra.docx\">Culturas y Problem\u00e1ticas Ambientales\u00a0\u00a0<\/a>\u00a0 \u00a0 \u00a0 \u00a0<a href=\"https:\/\/iscsconcordia-ers.infd.edu.ar\/sitio\/wp-content\/uploads\/2019\/11\/GEO-4-Culturas-y-Problem\u00e1ticas-Ambientales-.pdf\">PROGRAMA C P. AMBIENTALES\u00a0<\/a><\/td>\n<\/tr>\n<tr>\n<td data-sheets-value=\"{&quot;1&quot;:2,&quot;2&quot;:&quot;Pr\u00e0ctica IV&quot;}\">Pr\u00e1ctica IV \/Residencia<\/td>\n<\/tr>\n<tr>\n<td data-sheets-value=\"{&quot;1&quot;:2,&quot;2&quot;:&quot;Geograf\u00eca politica y cultural&quot;}\">Geograf\u00eda pol\u00edtica y cultural<\/td>\n<\/tr>\n<tr>\n<td data-sheets-value=\"{&quot;1&quot;:2,&quot;2&quot;:&quot;Seminario&quot;}\">Seminario<\/td>\n<\/tr>\n<tr>\n<td data-sheets-value=\"{&quot;1&quot;:2,&quot;2&quot;:&quot;Residencia&quot;}\"><\/td>\n<\/tr>\n<\/tbody>\n<\/table>\n","protected":false},"excerpt":{"rendered":"<p>1\u00b01\u00b0 Geograf\u00eda Paisajes Geogr\u00e1ficos Mundiales\u00a0 \/Programa Paisajes G. Mundiales Geograf\u00eda de Entre R\u00edos Pedagog\u00eda TALLER Corporeidad juegos y lenguajes Naturaleza y Sociedad I Did\u00e1ctica General Espacios Urbanos y Rurales en el Mundo Contempor\u00e1neo\u00a0\u00a0\u00a0\u00a0PROGRAMA TALLER Tec. Rep. Cartogr\u00e1fica TALLER Pr\u00e1ctica docente I TALLER Taller OLE y TIC 1\u00b02\u00b0 Geograf\u00eda Paisaje geogr\u00e1ficos mundiales Geograf\u00eda de Entre R\u00edos &#8230; <a title=\"Planificaciones y programas Geograf\u00eda 2019\" class=\"read-more\" href=\"https:\/\/iscsconcordia-ers.infd.edu.ar\/sitio\/planificaciones-y-programas-geografia-2019\/\" aria-label=\"More on Planificaciones y programas Geograf\u00eda 2019\">[+]<\/a><\/p>\n","protected":false},"author":331,"featured_media":0,"parent":0,"menu_order":0,"comment_status":"closed","ping_status":"closed","template":"","meta":[],"acf":[],"_links":{"self":[{"href":"https:\/\/iscsconcordia-ers.infd.edu.ar\/sitio\/wp-json\/wp\/v2\/pages\/1110"}],"collection":[{"href":"https:\/\/iscsconcordia-ers.infd.edu.ar\/sitio\/wp-json\/wp\/v2\/pages"}],"about":[{"href":"https:\/\/iscsconcordia-ers.infd.edu.ar\/sitio\/wp-json\/wp\/v2\/types\/page"}],"author":[{"embeddable":true,"href":"https:\/\/iscsconcordia-ers.infd.edu.ar\/sitio\/wp-json\/wp\/v2\/users\/331"}],"replies":[{"embeddable":true,"href":"https:\/\/iscsconcordia-ers.infd.edu.ar\/sitio\/wp-json\/wp\/v2\/comments?post=1110"}],"version-history":[{"count":10,"href":"https:\/\/iscsconcordia-ers.infd.edu.ar\/sitio\/wp-json\/wp\/v2\/pages\/1110\/revisions"}],"predecessor-version":[{"id":1343,"href":"https:\/\/iscsconcordia-ers.infd.edu.ar\/sitio\/wp-json\/wp\/v2\/pages\/1110\/revisions\/1343"}],"wp:attachment":[{"href":"https:\/\/iscsconcordia-ers.infd.edu.ar\/sitio\/wp-json\/wp\/v2\/media?parent=1110"}],"curies":[{"name":"wp","href":"https:\/\/api.w.org\/{rel}","templated":true}]}}